{"id":15395,"date":"2024-10-23T23:42:46","date_gmt":"2024-10-23T23:42:46","guid":{"rendered":"https:\/\/svtfaculdade.edu.br\/inicio\/?page_id=15395"},"modified":"2024-10-25T13:33:52","modified_gmt":"2024-10-25T13:33:52","slug":"extensao","status":"publish","type":"page","link":"https:\/\/svtfaculdade.edu.br\/inicio\/extensao\/","title":{"rendered":"Extens\u00e3o"},"content":{"rendered":"\t\t<div data-elementor-type=\"wp-page\" data-elementor-id=\"15395\" class=\"elementor elementor-15395\">\n\t\t\t\t\t\t<section class=\"elementor-section elementor-top-section elementor-element elementor-element-cb7c134 elementor-section-height-min-height elementor-hidden-mobile elementor-section-items-stretch elementor-section-content-middle elementor-section-boxed elementor-section-height-default\" data-id=\"cb7c134\" data-element_type=\"section\" data-e-type=\"section\" data-settings=\"{&quot;background_background&quot;:&quot;classic&quot;}\">\n\t\t\t\t\t\t\t<div class=\"elementor-background-overlay\"><\/div>\n\t\t\t\t\t\t\t<div class=\"elementor-container elementor-column-gap-no\">\n\t\t\t\t\t<div class=\"elementor-column elementor-col-100 elementor-top-column elementor-element elementor-element-87a036f\" data-id=\"87a036f\" data-element_type=\"column\" data-e-type=\"column\">\n\t\t\t<div class=\"elementor-widget-wrap elementor-element-populated\">\n\t\t\t\t\t\t<div class=\"elementor-element elementor-element-b3757ff elementor-widget elementor-widget-heading\" data-id=\"b3757ff\" data-element_type=\"widget\" data-e-type=\"widget\" data-widget_type=\"heading.default\">\n\t\t\t\t<div class=\"elementor-widget-container\">\n\t\t\t\t\t<h2 class=\"elementor-heading-title elementor-size-default\">Extens\u00e3o<\/h2>\t\t\t\t<\/div>\n\t\t\t\t<\/div>\n\t\t\t\t<div class=\"elementor-element elementor-element-1434004 elementor-widget elementor-widget-text-editor\" data-id=\"1434004\" data-element_type=\"widget\" data-e-type=\"widget\" data-widget_type=\"text-editor.default\">\n\t\t\t\t<div class=\"elementor-widget-container\">\n\t\t\t\t\t\t\t\t\t<p>A Extens\u00e3o na SVT Faculdade \u00e9 onde o conhecimento se transforma em a\u00e7\u00e3o. Por meio de projetos que envolvem alunos, professores e a comunidade, constru\u00edmos solu\u00e7\u00f5es reais para desafios locais. Cada iniciativa fortalece o compromisso social e amplia o impacto do aprendizado. Aqui, formamos cidad\u00e3os que fazem a diferen\u00e7a.<\/p>\t\t\t\t\t\t\t\t<\/div>\n\t\t\t\t<\/div>\n\t\t\t\t\t<\/div>\n\t\t<\/div>\n\t\t\t\t\t<\/div>\n\t\t<\/section>\n\t\t\t\t<section class=\"elementor-section elementor-top-section elementor-element elementor-element-fe2ff2e elementor-section-boxed elementor-section-height-default elementor-section-height-default\" data-id=\"fe2ff2e\" data-element_type=\"section\" data-e-type=\"section\">\n\t\t\t\t\t\t<div class=\"elementor-container elementor-column-gap-default\">\n\t\t\t\t\t<div class=\"elementor-column elementor-col-100 elementor-top-column elementor-element elementor-element-adb0425\" data-id=\"adb0425\" data-element_type=\"column\" data-e-type=\"column\">\n\t\t\t<div class=\"elementor-widget-wrap elementor-element-populated\">\n\t\t\t\t\t\t<section class=\"elementor-section elementor-inner-section elementor-element elementor-element-e64bec0 elementor-section-boxed elementor-section-height-default elementor-section-height-default\" data-id=\"e64bec0\" data-element_type=\"section\" data-e-type=\"section\">\n\t\t\t\t\t\t<div class=\"elementor-container elementor-column-gap-default\">\n\t\t\t\t\t<div class=\"elementor-column elementor-col-50 elementor-inner-column elementor-element elementor-element-b2cbf1f\" data-id=\"b2cbf1f\" data-element_type=\"column\" data-e-type=\"column\">\n\t\t\t<div class=\"elementor-widget-wrap elementor-element-populated\">\n\t\t\t\t\t\t<div class=\"elementor-element elementor-element-234b91e elementor-widget elementor-widget-heading\" data-id=\"234b91e\" data-element_type=\"widget\" data-e-type=\"widget\" data-widget_type=\"heading.default\">\n\t\t\t\t<div class=\"elementor-widget-container\">\n\t\t\t\t\t<h2 class=\"elementor-heading-title elementor-size-default\">Solu\u00e7\u00f5es para a Comunidade<\/h2>\t\t\t\t<\/div>\n\t\t\t\t<\/div>\n\t\t\t\t\t<\/div>\n\t\t<\/div>\n\t\t\t\t<div class=\"elementor-column elementor-col-50 elementor-inner-column elementor-element elementor-element-f1d6244\" data-id=\"f1d6244\" data-element_type=\"column\" data-e-type=\"column\">\n\t\t\t<div class=\"elementor-widget-wrap\">\n\t\t\t\t\t\t\t<\/div>\n\t\t<\/div>\n\t\t\t\t\t<\/div>\n\t\t<\/section>\n\t\t\t\t<div class=\"elementor-element elementor-element-e339c86 elementor-widget elementor-widget-text-editor\" data-id=\"e339c86\" data-element_type=\"widget\" data-e-type=\"widget\" data-widget_type=\"text-editor.default\">\n\t\t\t\t<div class=\"elementor-widget-container\">\n\t\t\t\t\t\t\t\t\t<p>No que diz respeito \u00e0s expectativas da extens\u00e3o e suas rela\u00e7\u00f5es com o ensino e pesquisa, deve-se destacar que, al\u00e9m dos espa\u00e7os determinados nos curr\u00edculos para tais atividades, tamb\u00e9m s\u00e3o estabelecidos di\u00e1logos com as atividades de ensino, como por exemplo:<\/p><ol><li><strong>Pr\u00e1ticas (Projetos) Interdisciplinares:<\/strong> em cada um dos cursos de gradua\u00e7\u00e3o, minimamente em um dos semestres \u00e9 indicado que os alunos promovam, junto com os docentes orientadores, projetos de responsabilidade socioambiental junto \u00e0 comunidade, assim, a IES tem uma uni\u00e3o mais clara entre o ensino-extens\u00e3o, haja vista tais projetos proporcionarem a rela\u00e7\u00e3o dos conhecimentos apreendidos nos conte\u00fados curriculares, bem como a rela\u00e7\u00e3o com os problemas encontrados na comunidade e que podem ser objeto de estudo para alunos e professores.<\/li><li><strong>Atividades de Extens\u00e3o:<\/strong> s\u00e3o promovidos cursos e eventos de extens\u00e3o que se estabelecem desde a\u00e7\u00f5es sociais, campanhas de preserva\u00e7\u00e3o do meio ambiente, da cultura e projetos de assist\u00eancia social \u00e0 comunidade. <br \/>Vale destacar que a extens\u00e3o, quando relacionada ao contato com a comunidade, n\u00e3o se pauta unicamente no mero assistencialismo, mas numa forma de estender os conhecimentos produzidos para al\u00e9m de seus muros, de maneira a aproximar-se e contribuir mais com discuss\u00f5es \u00e0 busca de resolu\u00e7\u00f5es dos problemas sociais<\/li><\/ol><div>\u00a0<\/div><p>Sendo assim, nenhuma a\u00e7\u00e3o de extens\u00e3o pode estar desvinculada do processo de forma\u00e7\u00e3o e da gera\u00e7\u00e3o de conhecimento.<br \/>Nesta perspectiva, a fun\u00e7\u00e3o da extens\u00e3o, integrada com os objetivos de cada curso, \u00e9 de realizar a\u00e7\u00f5es atrav\u00e9s de programas, projetos, est\u00e1gios curriculares, cursos, semin\u00e1rios, que envolvem a comunidade com diagn\u00f3sticos da realidade que a cerca, interc\u00e2mbio de informa\u00e7\u00f5es, sugest\u00f5es e desenvolvimento de atividades que acabam fortalecendo a constru\u00e7\u00e3o da cidadania. Esta \u00e9 uma das maneiras de concretizar a articula\u00e7\u00e3o entre ensino e extens\u00e3o.<br \/>Assim, a Extens\u00e3o, enquanto atividade fim deve aproximar e vincular as pr\u00e1ticas profissionais das necessidades e interesses reais da comunidade numa perspectiva interdisciplinar.<\/p><p>\u00a0<\/p><p><a href=\"https:\/\/svtfaculdade.edu.br\/wp-content\/uploads\/2024\/10\/RESOLUCAO-No-008-CONSUP-2023-REGULAMENTO-NUCLEO-DE-PESQUISA-E-EXTENSAO.pdf\">RESOLU\u00c7\u00c3O N\u00ba 008- CONSUP-2023 &#8211; REGULAMENTO N\u00daCLEO DE PESQUISA E EXTENS\u00c3O<\/a><\/p><p><a href=\"https:\/\/svtfaculdade.edu.br\/wp-content\/uploads\/2024\/10\/RESOLUCAO-No-017-CONSUP-2021-REGULAMENTO-DAS-PRATICAS-DE-EXTENSAO-1.pdf\">RESOLU\u00c7\u00c3O N\u00ba 017- CONSUP-2021 &#8211; REGULAMENTO DAS PR\u00c1TICAS DE EXTENS\u00c3O<\/a><\/p><p>\u00a0<\/p><p>\u00a0<\/p>\t\t\t\t\t\t\t\t<\/div>\n\t\t\t\t<\/div>\n\t\t\t\t\t<\/div>\n\t\t<\/div>\n\t\t\t\t\t<\/div>\n\t\t<\/section>\n\t\t\t\t<\/div>\n\t\t","protected":false},"excerpt":{"rendered":"<p>Extens\u00e3o A Extens\u00e3o na SVT Faculdade \u00e9 onde o conhecimento se transforma em a\u00e7\u00e3o. Por meio de projetos que envolvem alunos, professores e a comunidade, constru\u00edmos solu\u00e7\u00f5es reais para desafios locais. Cada iniciativa fortalece o compromisso social e amplia o impacto do aprendizado. Aqui, formamos cidad\u00e3os que fazem a diferen\u00e7a. Solu\u00e7\u00f5es para a Comunidade No [&hellip;]<\/p>\n","protected":false},"author":2,"featured_media":0,"parent":0,"menu_order":0,"comment_status":"closed","ping_status":"closed","template":"","meta":{"footnotes":""},"class_list":["post-15395","page","type-page","status-publish","hentry"],"yoast_head":"<!-- This site is optimized with the Yoast SEO plugin v27.4 - https:\/\/yoast.com\/product\/yoast-seo-wordpress\/ -->\n<title>Extens\u00e3o - SVT FACULDADE<\/title>\n<meta name=\"robots\" content=\"index, follow, max-snippet:-1, max-image-preview:large, max-video-preview:-1\" \/>\n<link rel=\"canonical\" href=\"https:\/\/svtfaculdade.edu.br\/inicio\/extensao\/\" \/>\n<meta property=\"og:locale\" content=\"pt_PT\" \/>\n<meta property=\"og:type\" content=\"article\" \/>\n<meta property=\"og:title\" content=\"Extens\u00e3o - SVT FACULDADE\" \/>\n<meta property=\"og:description\" content=\"Extens\u00e3o A Extens\u00e3o na SVT Faculdade \u00e9 onde o conhecimento se transforma em a\u00e7\u00e3o. Por meio de projetos que envolvem alunos, professores e a comunidade, constru\u00edmos solu\u00e7\u00f5es reais para desafios locais. Cada iniciativa fortalece o compromisso social e amplia o impacto do aprendizado. Aqui, formamos cidad\u00e3os que fazem a diferen\u00e7a. Solu\u00e7\u00f5es para a Comunidade No [&hellip;]\" \/>\n<meta property=\"og:url\" content=\"https:\/\/svtfaculdade.edu.br\/inicio\/extensao\/\" \/>\n<meta property=\"og:site_name\" content=\"SVT FACULDADE\" \/>\n<meta property=\"article:modified_time\" content=\"2024-10-25T13:33:52+00:00\" \/>\n<meta name=\"twitter:card\" content=\"summary_large_image\" \/>\n<meta name=\"twitter:label1\" content=\"Tempo estimado de leitura\" \/>\n\t<meta name=\"twitter:data1\" content=\"3 minutos\" \/>\n<script type=\"application\/ld+json\" class=\"yoast-schema-graph\">{\"@context\":\"https:\\\/\\\/schema.org\",\"@graph\":[{\"@type\":\"WebPage\",\"@id\":\"https:\\\/\\\/svtfaculdade.edu.br\\\/inicio\\\/extensao\\\/\",\"url\":\"https:\\\/\\\/svtfaculdade.edu.br\\\/inicio\\\/extensao\\\/\",\"name\":\"Extens\u00e3o - SVT FACULDADE\",\"isPartOf\":{\"@id\":\"https:\\\/\\\/svtfaculdade.edu.br\\\/inicio\\\/#website\"},\"datePublished\":\"2024-10-23T23:42:46+00:00\",\"dateModified\":\"2024-10-25T13:33:52+00:00\",\"breadcrumb\":{\"@id\":\"https:\\\/\\\/svtfaculdade.edu.br\\\/inicio\\\/extensao\\\/#breadcrumb\"},\"inLanguage\":\"pt-PT\",\"potentialAction\":[{\"@type\":\"ReadAction\",\"target\":[\"https:\\\/\\\/svtfaculdade.edu.br\\\/inicio\\\/extensao\\\/\"]}]},{\"@type\":\"BreadcrumbList\",\"@id\":\"https:\\\/\\\/svtfaculdade.edu.br\\\/inicio\\\/extensao\\\/#breadcrumb\",\"itemListElement\":[{\"@type\":\"ListItem\",\"position\":1,\"name\":\"Home\",\"item\":\"https:\\\/\\\/svtfaculdade.edu.br\\\/inicio\\\/\"},{\"@type\":\"ListItem\",\"position\":2,\"name\":\"Extens\u00e3o\"}]},{\"@type\":\"WebSite\",\"@id\":\"https:\\\/\\\/svtfaculdade.edu.br\\\/inicio\\\/#website\",\"url\":\"https:\\\/\\\/svtfaculdade.edu.br\\\/inicio\\\/\",\"name\":\"SVT FACULDADE\",\"description\":\"SVT EDU\",\"publisher\":{\"@id\":\"https:\\\/\\\/svtfaculdade.edu.br\\\/inicio\\\/#organization\"},\"potentialAction\":[{\"@type\":\"SearchAction\",\"target\":{\"@type\":\"EntryPoint\",\"urlTemplate\":\"https:\\\/\\\/svtfaculdade.edu.br\\\/inicio\\\/?s={search_term_string}\"},\"query-input\":{\"@type\":\"PropertyValueSpecification\",\"valueRequired\":true,\"valueName\":\"search_term_string\"}}],\"inLanguage\":\"pt-PT\"},{\"@type\":\"Organization\",\"@id\":\"https:\\\/\\\/svtfaculdade.edu.br\\\/inicio\\\/#organization\",\"name\":\"SVT FACULDADE\",\"url\":\"https:\\\/\\\/svtfaculdade.edu.br\\\/inicio\\\/\",\"logo\":{\"@type\":\"ImageObject\",\"inLanguage\":\"pt-PT\",\"@id\":\"https:\\\/\\\/svtfaculdade.edu.br\\\/inicio\\\/#\\\/schema\\\/logo\\\/image\\\/\",\"url\":\"https:\\\/\\\/svtfaculdade.edu.br\\\/wp-content\\\/uploads\\\/2023\\\/03\\\/cropped-Logo-Svt-copiar.png\",\"contentUrl\":\"https:\\\/\\\/svtfaculdade.edu.br\\\/wp-content\\\/uploads\\\/2023\\\/03\\\/cropped-Logo-Svt-copiar.png\",\"width\":3658,\"height\":709,\"caption\":\"SVT FACULDADE\"},\"image\":{\"@id\":\"https:\\\/\\\/svtfaculdade.edu.br\\\/inicio\\\/#\\\/schema\\\/logo\\\/image\\\/\"}}]}<\/script>\n<!-- \/ Yoast SEO plugin. -->","yoast_head_json":{"title":"Extens\u00e3o - SVT FACULDADE","robots":{"index":"index","follow":"follow","max-snippet":"max-snippet:-1","max-image-preview":"max-image-preview:large","max-video-preview":"max-video-preview:-1"},"canonical":"https:\/\/svtfaculdade.edu.br\/inicio\/extensao\/","og_locale":"pt_PT","og_type":"article","og_title":"Extens\u00e3o - SVT FACULDADE","og_description":"Extens\u00e3o A Extens\u00e3o na SVT Faculdade \u00e9 onde o conhecimento se transforma em a\u00e7\u00e3o. Por meio de projetos que envolvem alunos, professores e a comunidade, constru\u00edmos solu\u00e7\u00f5es reais para desafios locais. Cada iniciativa fortalece o compromisso social e amplia o impacto do aprendizado. Aqui, formamos cidad\u00e3os que fazem a diferen\u00e7a. Solu\u00e7\u00f5es para a Comunidade No [&hellip;]","og_url":"https:\/\/svtfaculdade.edu.br\/inicio\/extensao\/","og_site_name":"SVT FACULDADE","article_modified_time":"2024-10-25T13:33:52+00:00","twitter_card":"summary_large_image","twitter_misc":{"Tempo estimado de leitura":"3 minutos"},"schema":{"@context":"https:\/\/schema.org","@graph":[{"@type":"WebPage","@id":"https:\/\/svtfaculdade.edu.br\/inicio\/extensao\/","url":"https:\/\/svtfaculdade.edu.br\/inicio\/extensao\/","name":"Extens\u00e3o - SVT FACULDADE","isPartOf":{"@id":"https:\/\/svtfaculdade.edu.br\/inicio\/#website"},"datePublished":"2024-10-23T23:42:46+00:00","dateModified":"2024-10-25T13:33:52+00:00","breadcrumb":{"@id":"https:\/\/svtfaculdade.edu.br\/inicio\/extensao\/#breadcrumb"},"inLanguage":"pt-PT","potentialAction":[{"@type":"ReadAction","target":["https:\/\/svtfaculdade.edu.br\/inicio\/extensao\/"]}]},{"@type":"BreadcrumbList","@id":"https:\/\/svtfaculdade.edu.br\/inicio\/extensao\/#breadcrumb","itemListElement":[{"@type":"ListItem","position":1,"name":"Home","item":"https:\/\/svtfaculdade.edu.br\/inicio\/"},{"@type":"ListItem","position":2,"name":"Extens\u00e3o"}]},{"@type":"WebSite","@id":"https:\/\/svtfaculdade.edu.br\/inicio\/#website","url":"https:\/\/svtfaculdade.edu.br\/inicio\/","name":"SVT FACULDADE","description":"SVT EDU","publisher":{"@id":"https:\/\/svtfaculdade.edu.br\/inicio\/#organization"},"potentialAction":[{"@type":"SearchAction","target":{"@type":"EntryPoint","urlTemplate":"https:\/\/svtfaculdade.edu.br\/inicio\/?s={search_term_string}"},"query-input":{"@type":"PropertyValueSpecification","valueRequired":true,"valueName":"search_term_string"}}],"inLanguage":"pt-PT"},{"@type":"Organization","@id":"https:\/\/svtfaculdade.edu.br\/inicio\/#organization","name":"SVT FACULDADE","url":"https:\/\/svtfaculdade.edu.br\/inicio\/","logo":{"@type":"ImageObject","inLanguage":"pt-PT","@id":"https:\/\/svtfaculdade.edu.br\/inicio\/#\/schema\/logo\/image\/","url":"https:\/\/svtfaculdade.edu.br\/wp-content\/uploads\/2023\/03\/cropped-Logo-Svt-copiar.png","contentUrl":"https:\/\/svtfaculdade.edu.br\/wp-content\/uploads\/2023\/03\/cropped-Logo-Svt-copiar.png","width":3658,"height":709,"caption":"SVT FACULDADE"},"image":{"@id":"https:\/\/svtfaculdade.edu.br\/inicio\/#\/schema\/logo\/image\/"}}]}},"_links":{"self":[{"href":"https:\/\/svtfaculdade.edu.br\/inicio\/wp-json\/wp\/v2\/pages\/15395","targetHints":{"allow":["GET"]}}],"collection":[{"href":"https:\/\/svtfaculdade.edu.br\/inicio\/wp-json\/wp\/v2\/pages"}],"about":[{"href":"https:\/\/svtfaculdade.edu.br\/inicio\/wp-json\/wp\/v2\/types\/page"}],"author":[{"embeddable":true,"href":"https:\/\/svtfaculdade.edu.br\/inicio\/wp-json\/wp\/v2\/users\/2"}],"replies":[{"embeddable":true,"href":"https:\/\/svtfaculdade.edu.br\/inicio\/wp-json\/wp\/v2\/comments?post=15395"}],"version-history":[{"count":13,"href":"https:\/\/svtfaculdade.edu.br\/inicio\/wp-json\/wp\/v2\/pages\/15395\/revisions"}],"predecessor-version":[{"id":15805,"href":"https:\/\/svtfaculdade.edu.br\/inicio\/wp-json\/wp\/v2\/pages\/15395\/revisions\/15805"}],"wp:attachment":[{"href":"https:\/\/svtfaculdade.edu.br\/inicio\/wp-json\/wp\/v2\/media?parent=15395"}],"curies":[{"name":"wp","href":"https:\/\/api.w.org\/{rel}","templated":true}]}}