{"id":15398,"date":"2024-10-23T23:44:43","date_gmt":"2024-10-23T23:44:43","guid":{"rendered":"https:\/\/svtfaculdade.edu.br\/inicio\/?page_id=15398"},"modified":"2024-10-25T13:35:19","modified_gmt":"2024-10-25T13:35:19","slug":"iniciacao-cientifica","status":"publish","type":"page","link":"https:\/\/svtfaculdade.edu.br\/inicio\/iniciacao-cientifica\/","title":{"rendered":"Inicia\u00e7\u00e3o Cient\u00edfica"},"content":{"rendered":"\t\t<div data-elementor-type=\"wp-page\" data-elementor-id=\"15398\" class=\"elementor elementor-15398\">\n\t\t\t\t\t\t<section class=\"elementor-section elementor-top-section elementor-element elementor-element-154e615 elementor-section-height-min-height elementor-hidden-mobile elementor-section-items-stretch elementor-section-content-middle elementor-section-boxed elementor-section-height-default\" data-id=\"154e615\" data-element_type=\"section\" data-e-type=\"section\" data-settings=\"{&quot;background_background&quot;:&quot;classic&quot;}\">\n\t\t\t\t\t\t\t<div class=\"elementor-background-overlay\"><\/div>\n\t\t\t\t\t\t\t<div class=\"elementor-container elementor-column-gap-no\">\n\t\t\t\t\t<div class=\"elementor-column elementor-col-100 elementor-top-column elementor-element elementor-element-de53487\" data-id=\"de53487\" data-element_type=\"column\" data-e-type=\"column\">\n\t\t\t<div class=\"elementor-widget-wrap elementor-element-populated\">\n\t\t\t\t\t\t<div class=\"elementor-element elementor-element-b06f8af elementor-widget elementor-widget-heading\" data-id=\"b06f8af\" data-element_type=\"widget\" data-e-type=\"widget\" data-widget_type=\"heading.default\">\n\t\t\t\t<div class=\"elementor-widget-container\">\n\t\t\t\t\t<h2 class=\"elementor-heading-title elementor-size-default\">Inicia\u00e7\u00e3o Cient\u00edfica<\/h2>\t\t\t\t<\/div>\n\t\t\t\t<\/div>\n\t\t\t\t<div class=\"elementor-element elementor-element-4038fa5 elementor-widget elementor-widget-text-editor\" data-id=\"4038fa5\" data-element_type=\"widget\" data-e-type=\"widget\" data-widget_type=\"text-editor.default\">\n\t\t\t\t<div class=\"elementor-widget-container\">\n\t\t\t\t\t\t\t\t\t<p>Na SVT Faculdade, a Inicia\u00e7\u00e3o Cient\u00edfica \u00e9 um pilar fundamental para formar profissionais cr\u00edticos e inovadores. Por meio de bolsas e projetos, incentivamos nossos alunos a explorar o desconhecido, desenvolvendo habilidades essenciais para enfrentar os desafios do futuro.<\/p>\t\t\t\t\t\t\t\t<\/div>\n\t\t\t\t<\/div>\n\t\t\t\t\t<\/div>\n\t\t<\/div>\n\t\t\t\t\t<\/div>\n\t\t<\/section>\n\t\t\t\t<section class=\"elementor-section elementor-top-section elementor-element elementor-element-5d59bbb elementor-section-boxed elementor-section-height-default elementor-section-height-default\" data-id=\"5d59bbb\" data-element_type=\"section\" data-e-type=\"section\">\n\t\t\t\t\t\t<div class=\"elementor-container elementor-column-gap-default\">\n\t\t\t\t\t<div class=\"elementor-column elementor-col-100 elementor-top-column elementor-element elementor-element-a82d2e7\" data-id=\"a82d2e7\" data-element_type=\"column\" data-e-type=\"column\">\n\t\t\t<div class=\"elementor-widget-wrap elementor-element-populated\">\n\t\t\t\t\t\t<section class=\"elementor-section elementor-inner-section elementor-element elementor-element-7c913f1 elementor-section-boxed elementor-section-height-default elementor-section-height-default\" data-id=\"7c913f1\" data-element_type=\"section\" data-e-type=\"section\">\n\t\t\t\t\t\t<div class=\"elementor-container elementor-column-gap-default\">\n\t\t\t\t\t<div class=\"elementor-column elementor-col-50 elementor-inner-column elementor-element elementor-element-ae2466f\" data-id=\"ae2466f\" data-element_type=\"column\" data-e-type=\"column\">\n\t\t\t<div class=\"elementor-widget-wrap elementor-element-populated\">\n\t\t\t\t\t\t<div class=\"elementor-element elementor-element-c326142 elementor-widget elementor-widget-heading\" data-id=\"c326142\" data-element_type=\"widget\" data-e-type=\"widget\" data-widget_type=\"heading.default\">\n\t\t\t\t<div class=\"elementor-widget-container\">\n\t\t\t\t\t<h2 class=\"elementor-heading-title elementor-size-default\">Impulsionando a Pesquisa<\/h2>\t\t\t\t<\/div>\n\t\t\t\t<\/div>\n\t\t\t\t\t<\/div>\n\t\t<\/div>\n\t\t\t\t<div class=\"elementor-column elementor-col-50 elementor-inner-column elementor-element elementor-element-52f5a67\" data-id=\"52f5a67\" data-element_type=\"column\" data-e-type=\"column\">\n\t\t\t<div class=\"elementor-widget-wrap\">\n\t\t\t\t\t\t\t<\/div>\n\t\t<\/div>\n\t\t\t\t\t<\/div>\n\t\t<\/section>\n\t\t\t\t<div class=\"elementor-element elementor-element-c1b020a elementor-widget elementor-widget-text-editor\" data-id=\"c1b020a\" data-element_type=\"widget\" data-e-type=\"widget\" data-widget_type=\"text-editor.default\">\n\t\t\t\t<div class=\"elementor-widget-container\">\n\t\t\t\t\t\t\t\t\t<p>A IES tem a previs\u00e3o do fomento \u00e0 Inicia\u00e7\u00e3o Cient\u00edfica a partir de bolsas proporcionadas aos alunos.<\/p><p>Por se tratar de uma IES privada, as bolsas s\u00e3o constitu\u00eddas a partir de descontos que devem ser publicadas a partir de Edital pr\u00f3prio.<\/p><p>Essa expectativa encontra suporte no \u00e2mbito da pr\u00f3pria miss\u00e3o da IES que busca a forma\u00e7\u00e3o diferenciada de seus alunos, afinal o acelerado crescimento do conhecimento nos \u00faltimos anos tornou impratic\u00e1vel o ensino tradicional baseado exclusivamente na transmiss\u00e3o formal de informa\u00e7\u00e3o. Ademais, a IES tem conhecimento de que, em muitas disciplinas, j\u00e1 n\u00e3o \u00e9 poss\u00edvel dentro das cargas hor\u00e1rias transmitir todo o conte\u00fado relevante, bem como \u00e9 certo que o conhecimento n\u00e3o \u00e9 acabado, e muito do que o estudante precisar\u00e1 saber em sua vida profissional ainda est\u00e1 por ser descoberto.<\/p><p>Desse modo, a SVT Faculdade sabe que o desafio de hoje \u00e9 formar indiv\u00edduos capazes de buscar conhecimentos e de saber utiliz\u00e1-los. Ao contr\u00e1rio de outrora, quando o importante era dominar o conhecimento, hoje sabe-se que o importante \u00e9 &#8220;dominar o desconhecimento&#8221;, ou seja, estando diante de um problema para o qual ele n\u00e3o tem a resposta pronta, o profissional deve saber buscar o conhecimento pertinente e, quando n\u00e3o dispon\u00edvel, saber encontrar, ele pr\u00f3prio, as respostas por meio de pesquisa.<\/p><p>Assim, n\u00e3o ser\u00e1 fazendo de nossos alunos meros deposit\u00e1rios de informa\u00e7\u00f5es que formaremos os cidad\u00e3os e profissionais de que a sociedade necessita. Para isto, as atividades, curriculares ou n\u00e3o, voltadas para a solu\u00e7\u00e3o de problemas e para o conhecimento da nossa realidade, tornam-se importantes instrumentos para a forma\u00e7\u00e3o dos nossos estudantes. \u00c9 dentro desta perspectiva que o fomento \u00e0 Inicia\u00e7\u00e3o Cient\u00edfica \u00e9 premente na SVT Faculdade, pois a inser\u00e7\u00e3o precoce do aluno de gradua\u00e7\u00e3o em projetos de pesquisa se torna um instrumento valioso para aprimorar qualidades desejadas em um profissional de n\u00edvel superior, bem como para estimular e iniciar a forma\u00e7\u00e3o daqueles mais vocacionados para a pesquisa.<\/p><p>\u00a0<\/p><p><a href=\"https:\/\/svtfaculdade.edu.br\/wp-content\/uploads\/2024\/10\/RESOLUCAO-No-014-CONSUP-2023-REGULAMENTO-DO-PROGRAMA-DE-INICIACAO-CIENTIFICO.pdf\">RESOLU\u00c7\u00c3O N\u00ba 014- CONSUP-2023-REGULAMENTO DO PROGRAMA DE INICIA\u00c7\u00c3O CIENT\u00cdFICO<\/a><\/p><p><a href=\"https:\/\/svtfaculdade.edu.br\/wp-content\/uploads\/2024\/10\/RESOLUCAO-No-002-CONSUP-2023-PROGRAMA-DE-APOIO-A-PRODUCAO-ACADEMICA-E-PARTICIPACAO-EM-EVENTOS-DE-CUNHO-CIENTIFICO-\u2013ACADEMICO.pdf\">RESOLU\u00c7\u00c3O N\u00ba 002- CONSUP-2023 &#8211; PROGRAMA DE APOIO \u00c0 PRODU\u00c7\u00c3O ACAD\u00caMICA E PARTICIPA\u00c7\u00c3O EM EVENTOS DE CUNHO CIENTIFICO \u2013ACAD\u00caMICO<\/a><\/p><p><a href=\"https:\/\/svtfaculdade.edu.br\/wp-content\/uploads\/2024\/10\/RESOLUCAO-No-003-CONSUP-2023-PROGRAMA-DE-APOIO-A-PRODUCAO-ACADEMICO-CULTURAL-E-ACESSO-A-EVENTOS-DE-CUNHO-CIENTIFICO-ACADEMICO-E-CULTURAIS.pdf\">RESOLU\u00c7\u00c3O N\u00ba 003- CONSUP-2023 &#8211; PROGRAMA DE APOIO A PRODU\u00c7\u00c3O ACAD\u00caMICO-CULTURAL E ACESSO A EVENTOS DE CUNHO CIENT\u00cdFICO-ACAD\u00caMICO E CULTURAIS<\/a><\/p>\t\t\t\t\t\t\t\t<\/div>\n\t\t\t\t<\/div>\n\t\t\t\t\t<\/div>\n\t\t<\/div>\n\t\t\t\t\t<\/div>\n\t\t<\/section>\n\t\t\t\t<\/div>\n\t\t","protected":false},"excerpt":{"rendered":"<p>Inicia\u00e7\u00e3o Cient\u00edfica Na SVT Faculdade, a Inicia\u00e7\u00e3o Cient\u00edfica \u00e9 um pilar fundamental para formar profissionais cr\u00edticos e inovadores. Por meio de bolsas e projetos, incentivamos nossos alunos a explorar o desconhecido, desenvolvendo habilidades essenciais para enfrentar os desafios do futuro. Impulsionando a Pesquisa A IES tem a previs\u00e3o do fomento \u00e0 Inicia\u00e7\u00e3o Cient\u00edfica a partir [&hellip;]<\/p>\n","protected":false},"author":2,"featured_media":0,"parent":0,"menu_order":0,"comment_status":"closed","ping_status":"closed","template":"","meta":{"footnotes":""},"class_list":["post-15398","page","type-page","status-publish","hentry"],"yoast_head":"<!-- This site is optimized with the Yoast SEO plugin v27.4 - https:\/\/yoast.com\/product\/yoast-seo-wordpress\/ -->\n<title>Inicia\u00e7\u00e3o Cient\u00edfica - SVT FACULDADE<\/title>\n<meta name=\"robots\" content=\"index, follow, max-snippet:-1, max-image-preview:large, max-video-preview:-1\" \/>\n<link rel=\"canonical\" href=\"https:\/\/svtfaculdade.edu.br\/inicio\/iniciacao-cientifica\/\" \/>\n<meta property=\"og:locale\" content=\"pt_PT\" \/>\n<meta property=\"og:type\" content=\"article\" \/>\n<meta property=\"og:title\" content=\"Inicia\u00e7\u00e3o Cient\u00edfica - SVT FACULDADE\" \/>\n<meta property=\"og:description\" content=\"Inicia\u00e7\u00e3o Cient\u00edfica Na SVT Faculdade, a Inicia\u00e7\u00e3o Cient\u00edfica \u00e9 um pilar fundamental para formar profissionais cr\u00edticos e inovadores. Por meio de bolsas e projetos, incentivamos nossos alunos a explorar o desconhecido, desenvolvendo habilidades essenciais para enfrentar os desafios do futuro. Impulsionando a Pesquisa A IES tem a previs\u00e3o do fomento \u00e0 Inicia\u00e7\u00e3o Cient\u00edfica a partir [&hellip;]\" \/>\n<meta property=\"og:url\" content=\"https:\/\/svtfaculdade.edu.br\/inicio\/iniciacao-cientifica\/\" \/>\n<meta property=\"og:site_name\" content=\"SVT FACULDADE\" \/>\n<meta property=\"article:modified_time\" content=\"2024-10-25T13:35:19+00:00\" \/>\n<meta name=\"twitter:card\" content=\"summary_large_image\" \/>\n<meta name=\"twitter:label1\" content=\"Tempo estimado de leitura\" \/>\n\t<meta name=\"twitter:data1\" content=\"3 minutos\" \/>\n<script type=\"application\/ld+json\" class=\"yoast-schema-graph\">{\"@context\":\"https:\\\/\\\/schema.org\",\"@graph\":[{\"@type\":\"WebPage\",\"@id\":\"https:\\\/\\\/svtfaculdade.edu.br\\\/inicio\\\/iniciacao-cientifica\\\/\",\"url\":\"https:\\\/\\\/svtfaculdade.edu.br\\\/inicio\\\/iniciacao-cientifica\\\/\",\"name\":\"Inicia\u00e7\u00e3o Cient\u00edfica - SVT FACULDADE\",\"isPartOf\":{\"@id\":\"https:\\\/\\\/svtfaculdade.edu.br\\\/inicio\\\/#website\"},\"datePublished\":\"2024-10-23T23:44:43+00:00\",\"dateModified\":\"2024-10-25T13:35:19+00:00\",\"breadcrumb\":{\"@id\":\"https:\\\/\\\/svtfaculdade.edu.br\\\/inicio\\\/iniciacao-cientifica\\\/#breadcrumb\"},\"inLanguage\":\"pt-PT\",\"potentialAction\":[{\"@type\":\"ReadAction\",\"target\":[\"https:\\\/\\\/svtfaculdade.edu.br\\\/inicio\\\/iniciacao-cientifica\\\/\"]}]},{\"@type\":\"BreadcrumbList\",\"@id\":\"https:\\\/\\\/svtfaculdade.edu.br\\\/inicio\\\/iniciacao-cientifica\\\/#breadcrumb\",\"itemListElement\":[{\"@type\":\"ListItem\",\"position\":1,\"name\":\"Home\",\"item\":\"https:\\\/\\\/svtfaculdade.edu.br\\\/inicio\\\/\"},{\"@type\":\"ListItem\",\"position\":2,\"name\":\"Inicia\u00e7\u00e3o Cient\u00edfica\"}]},{\"@type\":\"WebSite\",\"@id\":\"https:\\\/\\\/svtfaculdade.edu.br\\\/inicio\\\/#website\",\"url\":\"https:\\\/\\\/svtfaculdade.edu.br\\\/inicio\\\/\",\"name\":\"SVT FACULDADE\",\"description\":\"SVT EDU\",\"publisher\":{\"@id\":\"https:\\\/\\\/svtfaculdade.edu.br\\\/inicio\\\/#organization\"},\"potentialAction\":[{\"@type\":\"SearchAction\",\"target\":{\"@type\":\"EntryPoint\",\"urlTemplate\":\"https:\\\/\\\/svtfaculdade.edu.br\\\/inicio\\\/?s={search_term_string}\"},\"query-input\":{\"@type\":\"PropertyValueSpecification\",\"valueRequired\":true,\"valueName\":\"search_term_string\"}}],\"inLanguage\":\"pt-PT\"},{\"@type\":\"Organization\",\"@id\":\"https:\\\/\\\/svtfaculdade.edu.br\\\/inicio\\\/#organization\",\"name\":\"SVT FACULDADE\",\"url\":\"https:\\\/\\\/svtfaculdade.edu.br\\\/inicio\\\/\",\"logo\":{\"@type\":\"ImageObject\",\"inLanguage\":\"pt-PT\",\"@id\":\"https:\\\/\\\/svtfaculdade.edu.br\\\/inicio\\\/#\\\/schema\\\/logo\\\/image\\\/\",\"url\":\"https:\\\/\\\/svtfaculdade.edu.br\\\/wp-content\\\/uploads\\\/2023\\\/03\\\/cropped-Logo-Svt-copiar.png\",\"contentUrl\":\"https:\\\/\\\/svtfaculdade.edu.br\\\/wp-content\\\/uploads\\\/2023\\\/03\\\/cropped-Logo-Svt-copiar.png\",\"width\":3658,\"height\":709,\"caption\":\"SVT FACULDADE\"},\"image\":{\"@id\":\"https:\\\/\\\/svtfaculdade.edu.br\\\/inicio\\\/#\\\/schema\\\/logo\\\/image\\\/\"}}]}<\/script>\n<!-- \/ Yoast SEO plugin. -->","yoast_head_json":{"title":"Inicia\u00e7\u00e3o Cient\u00edfica - SVT FACULDADE","robots":{"index":"index","follow":"follow","max-snippet":"max-snippet:-1","max-image-preview":"max-image-preview:large","max-video-preview":"max-video-preview:-1"},"canonical":"https:\/\/svtfaculdade.edu.br\/inicio\/iniciacao-cientifica\/","og_locale":"pt_PT","og_type":"article","og_title":"Inicia\u00e7\u00e3o Cient\u00edfica - SVT FACULDADE","og_description":"Inicia\u00e7\u00e3o Cient\u00edfica Na SVT Faculdade, a Inicia\u00e7\u00e3o Cient\u00edfica \u00e9 um pilar fundamental para formar profissionais cr\u00edticos e inovadores. Por meio de bolsas e projetos, incentivamos nossos alunos a explorar o desconhecido, desenvolvendo habilidades essenciais para enfrentar os desafios do futuro. Impulsionando a Pesquisa A IES tem a previs\u00e3o do fomento \u00e0 Inicia\u00e7\u00e3o Cient\u00edfica a partir [&hellip;]","og_url":"https:\/\/svtfaculdade.edu.br\/inicio\/iniciacao-cientifica\/","og_site_name":"SVT FACULDADE","article_modified_time":"2024-10-25T13:35:19+00:00","twitter_card":"summary_large_image","twitter_misc":{"Tempo estimado de leitura":"3 minutos"},"schema":{"@context":"https:\/\/schema.org","@graph":[{"@type":"WebPage","@id":"https:\/\/svtfaculdade.edu.br\/inicio\/iniciacao-cientifica\/","url":"https:\/\/svtfaculdade.edu.br\/inicio\/iniciacao-cientifica\/","name":"Inicia\u00e7\u00e3o Cient\u00edfica - SVT FACULDADE","isPartOf":{"@id":"https:\/\/svtfaculdade.edu.br\/inicio\/#website"},"datePublished":"2024-10-23T23:44:43+00:00","dateModified":"2024-10-25T13:35:19+00:00","breadcrumb":{"@id":"https:\/\/svtfaculdade.edu.br\/inicio\/iniciacao-cientifica\/#breadcrumb"},"inLanguage":"pt-PT","potentialAction":[{"@type":"ReadAction","target":["https:\/\/svtfaculdade.edu.br\/inicio\/iniciacao-cientifica\/"]}]},{"@type":"BreadcrumbList","@id":"https:\/\/svtfaculdade.edu.br\/inicio\/iniciacao-cientifica\/#breadcrumb","itemListElement":[{"@type":"ListItem","position":1,"name":"Home","item":"https:\/\/svtfaculdade.edu.br\/inicio\/"},{"@type":"ListItem","position":2,"name":"Inicia\u00e7\u00e3o Cient\u00edfica"}]},{"@type":"WebSite","@id":"https:\/\/svtfaculdade.edu.br\/inicio\/#website","url":"https:\/\/svtfaculdade.edu.br\/inicio\/","name":"SVT FACULDADE","description":"SVT EDU","publisher":{"@id":"https:\/\/svtfaculdade.edu.br\/inicio\/#organization"},"potentialAction":[{"@type":"SearchAction","target":{"@type":"EntryPoint","urlTemplate":"https:\/\/svtfaculdade.edu.br\/inicio\/?s={search_term_string}"},"query-input":{"@type":"PropertyValueSpecification","valueRequired":true,"valueName":"search_term_string"}}],"inLanguage":"pt-PT"},{"@type":"Organization","@id":"https:\/\/svtfaculdade.edu.br\/inicio\/#organization","name":"SVT FACULDADE","url":"https:\/\/svtfaculdade.edu.br\/inicio\/","logo":{"@type":"ImageObject","inLanguage":"pt-PT","@id":"https:\/\/svtfaculdade.edu.br\/inicio\/#\/schema\/logo\/image\/","url":"https:\/\/svtfaculdade.edu.br\/wp-content\/uploads\/2023\/03\/cropped-Logo-Svt-copiar.png","contentUrl":"https:\/\/svtfaculdade.edu.br\/wp-content\/uploads\/2023\/03\/cropped-Logo-Svt-copiar.png","width":3658,"height":709,"caption":"SVT FACULDADE"},"image":{"@id":"https:\/\/svtfaculdade.edu.br\/inicio\/#\/schema\/logo\/image\/"}}]}},"_links":{"self":[{"href":"https:\/\/svtfaculdade.edu.br\/inicio\/wp-json\/wp\/v2\/pages\/15398","targetHints":{"allow":["GET"]}}],"collection":[{"href":"https:\/\/svtfaculdade.edu.br\/inicio\/wp-json\/wp\/v2\/pages"}],"about":[{"href":"https:\/\/svtfaculdade.edu.br\/inicio\/wp-json\/wp\/v2\/types\/page"}],"author":[{"embeddable":true,"href":"https:\/\/svtfaculdade.edu.br\/inicio\/wp-json\/wp\/v2\/users\/2"}],"replies":[{"embeddable":true,"href":"https:\/\/svtfaculdade.edu.br\/inicio\/wp-json\/wp\/v2\/comments?post=15398"}],"version-history":[{"count":16,"href":"https:\/\/svtfaculdade.edu.br\/inicio\/wp-json\/wp\/v2\/pages\/15398\/revisions"}],"predecessor-version":[{"id":15814,"href":"https:\/\/svtfaculdade.edu.br\/inicio\/wp-json\/wp\/v2\/pages\/15398\/revisions\/15814"}],"wp:attachment":[{"href":"https:\/\/svtfaculdade.edu.br\/inicio\/wp-json\/wp\/v2\/media?parent=15398"}],"curies":[{"name":"wp","href":"https:\/\/api.w.org\/{rel}","templated":true}]}}