{"id":15405,"date":"2024-10-23T23:49:47","date_gmt":"2024-10-23T23:49:47","guid":{"rendered":"https:\/\/svtfaculdade.edu.br\/inicio\/?page_id=15405"},"modified":"2024-10-25T00:20:11","modified_gmt":"2024-10-25T00:20:11","slug":"naap","status":"publish","type":"page","link":"https:\/\/svtfaculdade.edu.br\/inicio\/naap\/","title":{"rendered":"NAAP"},"content":{"rendered":"\t\t<div data-elementor-type=\"wp-page\" data-elementor-id=\"15405\" class=\"elementor elementor-15405\">\n\t\t\t\t\t\t<section class=\"elementor-section elementor-top-section elementor-element elementor-element-2e21007 elementor-section-height-min-height elementor-hidden-mobile elementor-section-items-stretch elementor-section-content-middle elementor-section-boxed elementor-section-height-default\" data-id=\"2e21007\" data-element_type=\"section\" data-e-type=\"section\" data-settings=\"{&quot;background_background&quot;:&quot;classic&quot;}\">\n\t\t\t\t\t\t\t<div class=\"elementor-background-overlay\"><\/div>\n\t\t\t\t\t\t\t<div class=\"elementor-container elementor-column-gap-no\">\n\t\t\t\t\t<div class=\"elementor-column elementor-col-100 elementor-top-column elementor-element elementor-element-d569c61\" data-id=\"d569c61\" data-element_type=\"column\" data-e-type=\"column\">\n\t\t\t<div class=\"elementor-widget-wrap elementor-element-populated\">\n\t\t\t\t\t\t<div class=\"elementor-element elementor-element-5acdef4 elementor-widget elementor-widget-heading\" data-id=\"5acdef4\" data-element_type=\"widget\" data-e-type=\"widget\" data-widget_type=\"heading.default\">\n\t\t\t\t<div class=\"elementor-widget-container\">\n\t\t\t\t\t<h2 class=\"elementor-heading-title elementor-size-default\">N\u00daCLEO DE ACESSIBILIDADE E APOIO PEDAG\u00d3GICO\u200b<\/h2>\t\t\t\t<\/div>\n\t\t\t\t<\/div>\n\t\t\t\t<div class=\"elementor-element elementor-element-c7b4f09 elementor-widget elementor-widget-text-editor\" data-id=\"c7b4f09\" data-element_type=\"widget\" data-e-type=\"widget\" data-widget_type=\"text-editor.default\">\n\t\t\t\t<div class=\"elementor-widget-container\">\n\t\t\t\t\t\t\t\t\t<p>Na SVT Faculdade, o N\u00facleo de Acessibilidade e Apoio Pedag\u00f3gico (NAAP) se dedica a promover o bem-estar emocional e acad\u00eamico de toda a comunidade, oferecendo suporte psicopedag\u00f3gico que integra orienta\u00e7\u00e3o, diagn\u00f3stico e estrat\u00e9gias de enfrentamento.<\/p>\t\t\t\t\t\t\t\t<\/div>\n\t\t\t\t<\/div>\n\t\t\t\t\t<\/div>\n\t\t<\/div>\n\t\t\t\t\t<\/div>\n\t\t<\/section>\n\t\t\t\t<section class=\"elementor-section elementor-top-section elementor-element elementor-element-0e4d04c elementor-section-boxed elementor-section-height-default elementor-section-height-default\" data-id=\"0e4d04c\" data-element_type=\"section\" data-e-type=\"section\">\n\t\t\t\t\t\t<div class=\"elementor-container elementor-column-gap-default\">\n\t\t\t\t\t<div class=\"elementor-column elementor-col-100 elementor-top-column elementor-element elementor-element-d89040f\" data-id=\"d89040f\" data-element_type=\"column\" data-e-type=\"column\">\n\t\t\t<div class=\"elementor-widget-wrap elementor-element-populated\">\n\t\t\t\t\t\t<section class=\"elementor-section elementor-inner-section elementor-element elementor-element-e9fa2a7 elementor-section-boxed elementor-section-height-default elementor-section-height-default\" data-id=\"e9fa2a7\" data-element_type=\"section\" data-e-type=\"section\">\n\t\t\t\t\t\t<div class=\"elementor-container elementor-column-gap-default\">\n\t\t\t\t\t<div class=\"elementor-column elementor-col-50 elementor-inner-column elementor-element elementor-element-3239b40\" data-id=\"3239b40\" data-element_type=\"column\" data-e-type=\"column\">\n\t\t\t<div class=\"elementor-widget-wrap elementor-element-populated\">\n\t\t\t\t\t\t<div class=\"elementor-element elementor-element-6b52636 elementor-widget elementor-widget-heading\" data-id=\"6b52636\" data-element_type=\"widget\" data-e-type=\"widget\" data-widget_type=\"heading.default\">\n\t\t\t\t<div class=\"elementor-widget-container\">\n\t\t\t\t\t<h2 class=\"elementor-heading-title elementor-size-default\">Apoio ao Estudante<\/h2>\t\t\t\t<\/div>\n\t\t\t\t<\/div>\n\t\t\t\t\t<\/div>\n\t\t<\/div>\n\t\t\t\t<div class=\"elementor-column elementor-col-50 elementor-inner-column elementor-element elementor-element-e161537\" data-id=\"e161537\" data-element_type=\"column\" data-e-type=\"column\">\n\t\t\t<div class=\"elementor-widget-wrap\">\n\t\t\t\t\t\t\t<\/div>\n\t\t<\/div>\n\t\t\t\t\t<\/div>\n\t\t<\/section>\n\t\t\t\t<div class=\"elementor-element elementor-element-19cd2b2 elementor-widget elementor-widget-text-editor\" data-id=\"19cd2b2\" data-element_type=\"widget\" data-e-type=\"widget\" data-widget_type=\"text-editor.default\">\n\t\t\t\t<div class=\"elementor-widget-container\">\n\t\t\t\t\t\t\t\t\t<p>A SVT FACULDADE oferecer\u00e1 apoio psicopedag\u00f3gico, mas n\u00e3o apenas aos seus alunos, e sim a todos os membros da comunidade acad\u00eamica, para auxiliar as pessoas no aspecto emocional, em fun\u00e7\u00e3o dos diversos envolvimentos em atividades propostas pela Institui\u00e7\u00e3o.<br \/>Particularmente, como forma de apoio ao discente, tem como fun\u00e7\u00f5es a triagem, diagn\u00f3stico e as orienta\u00e7\u00f5es cab\u00edveis ao aluno no que se refere \u00e0 sua insatisfa\u00e7\u00e3o com o desempenho escolar; falta de motiva\u00e7\u00e3o para o estudo; crises em relacionamentos; dificuldades com cursos e ou professores; d\u00favidas sobre o curso ou quanto sua voca\u00e7\u00e3o com a carreira que escolheu; priva\u00e7\u00f5es, estresse, cansa\u00e7o, solid\u00e3o, ang\u00fastia e demais problemas que possam afetar a sua aprendizagem. Para tanto, ser\u00e3o oferecidos atendimentos individuais, grupos de discuss\u00e3o\/reflex\u00e3o, palestras ou quaisquer outros meios tecnicamente apropriados para discuss\u00e3o, esclarecimentos ou orienta\u00e7\u00f5es.<\/p><p><span style=\"background-color: transparent; font-family: var( --e-global-typography-text-font-family ), Sans-serif; font-weight: var( --e-global-typography-text-font-weight ); letter-spacing: var( --e-global-typography-text-letter-spacing );\">O atendimento psicopedag\u00f3gico \u00e9 feito atrav\u00e9s do N\u00facleo de Acessibilidade e Apoio Pedag\u00f3gico &#8211; NAAP, institu\u00eddo com o prop\u00f3sito de promover, por meio de orienta\u00e7\u00e3o e aconselhamento psicopedag\u00f3gico, o bem-estar dos relacionamentos interpessoais e institucionais, contribuindo assim para o processo de aprendizagem dos alunos DA SVT FACULDADE.<\/span><\/p><p><span style=\"background-color: transparent; font-family: var( --e-global-typography-text-font-family ), Sans-serif; font-weight: var( --e-global-typography-text-font-weight ); letter-spacing: var( --e-global-typography-text-letter-spacing );\">Os objetivos espec\u00edficos do apoio psicopedag\u00f3gico s\u00e3o:<\/span><\/p><ul><li>Auxiliar acad\u00eamicos na integra\u00e7\u00e3o destes ao contexto universit\u00e1rio;<\/li><li>Realizar orienta\u00e7\u00e3o ao aluno, no que se refere \u00e0s dificuldades acad\u00eamicas, proporcionando a identifica\u00e7\u00e3o dos principais fatores envolvidos nas situa\u00e7\u00f5es problemas e estrat\u00e9gias de enfrentamento pessoais e institucionais;<\/li><li>Realizar pesquisas a partir dos dados coletados nos atendimentos, relacionados \u00e0 tipologia das dificuldades apresentadas pelos alunos e encaminhar relat\u00f3rios junto \u00e0 coordena\u00e7\u00e3o dos cursos e \u00e0 dire\u00e7\u00e3o acad\u00eamica com a finalidade de desenvolver estrat\u00e9gias de interven\u00e7\u00e3o institucional;<\/li><li>Criar espa\u00e7os de reflex\u00e3o, atrav\u00e9s de atendimentos de grupo, sobre as necessidades da sociedade contempor\u00e2nea no que se refere \u00e0 forma\u00e7\u00e3o profissional;<\/li><li>Realizar orienta\u00e7\u00e3o neuropsicopedag\u00f3gica atrav\u00e9s de palestras e reuni\u00f5es para conhecimento dos mecanismos cerebrais importantes para o aprendizado, temas como: aten\u00e7\u00e3o, mem\u00f3ria, concentra\u00e7\u00e3o, racioc\u00ednio e motiva\u00e7\u00e3o, propiciando reflex\u00e3o para um posicionamento pessoal e entendimento de como o aprendizado acontece, quais caminhos neurais s\u00e3o utilizados, e que existem processos facilitadores para que o mesmo aconte\u00e7a. O n\u00facleo de apoio psicopedag\u00f3gico n\u00e3o est\u00e1 voltado para o atendimento (tratamento cl\u00ednico, psicoterapia e aplica\u00e7\u00e3o de t\u00e9cnicas neuropsicol\u00f3gicas). Caso necess\u00e1rio esse acompanhamento, haver\u00e1 indica\u00e7\u00e3o para servi\u00e7os especializados;<\/li><li>Acompanhar projetos culturais que possibilitem a conviv\u00eancia dos acad\u00eamicos com a diversidade biopsicossocial;<\/li><li>Assessorar os cursos de gradua\u00e7\u00e3o em conson\u00e2ncia ao Plano de Desenvolvimento Institucional (PDI) e Projeto Pedag\u00f3gico dos Cursos (PPC), buscando estrat\u00e9gias psicopedag\u00f3gicas espec\u00edficas para cada um;<\/li><li>Acompanhar acad\u00eamicos que apresentem dificuldades de aprendizagem, visando o desenvolvimento de compet\u00eancias e habilidades acad\u00eamicas, acompanhando o desempenho acad\u00eamico, a evas\u00e3o escolar, \u00edndices de aproveitamento e de frequ\u00eancia \u00e0s aulas e demais atividades acad\u00eamicas;<\/li><li>Auxiliar na avalia\u00e7\u00e3o acad\u00eamica de alunos ingressantes, buscando identificar as dificuldades de aprendizagem e auxiliar no planejamento de cursos de nivelamento, bem como orientar os acad\u00eamicos que apresentarem dificuldades espec\u00edficas de aprendizagem.<\/li><\/ul><p>\u00a0<\/p><div><a href=\"https:\/\/svtfaculdade.edu.br\/wp-content\/uploads\/2024\/10\/RESOLUCAO-No-001-CONSUP-2023-PROGRAMA-DE-ACESSIBILIDADE-E-INCLUSAO.pdf\">RESOLU\u00c7\u00c3O N\u00ba 001- CONSUP-2023 &#8211; PROGRAMA DE ACESSIBILIDADE E INCLUS\u00c3O<\/a><\/div><div>\u00a0<\/div>\t\t\t\t\t\t\t\t<\/div>\n\t\t\t\t<\/div>\n\t\t\t\t\t<\/div>\n\t\t<\/div>\n\t\t\t\t\t<\/div>\n\t\t<\/section>\n\t\t\t\t<\/div>\n\t\t","protected":false},"excerpt":{"rendered":"<p>N\u00daCLEO DE ACESSIBILIDADE E APOIO PEDAG\u00d3GICO\u200b Na SVT Faculdade, o N\u00facleo de Acessibilidade e Apoio Pedag\u00f3gico (NAAP) se dedica a promover o bem-estar emocional e acad\u00eamico de toda a comunidade, oferecendo suporte psicopedag\u00f3gico que integra orienta\u00e7\u00e3o, diagn\u00f3stico e estrat\u00e9gias de enfrentamento. Apoio ao Estudante A SVT FACULDADE oferecer\u00e1 apoio psicopedag\u00f3gico, mas n\u00e3o apenas aos seus [&hellip;]<\/p>\n","protected":false},"author":2,"featured_media":0,"parent":0,"menu_order":0,"comment_status":"closed","ping_status":"closed","template":"","meta":{"footnotes":""},"class_list":["post-15405","page","type-page","status-publish","hentry"],"yoast_head":"<!-- This site is optimized with the Yoast SEO plugin v27.4 - https:\/\/yoast.com\/product\/yoast-seo-wordpress\/ -->\n<title>NAAP - SVT FACULDADE<\/title>\n<meta name=\"robots\" content=\"index, follow, max-snippet:-1, max-image-preview:large, max-video-preview:-1\" \/>\n<link rel=\"canonical\" href=\"https:\/\/svtfaculdade.edu.br\/inicio\/naap\/\" \/>\n<meta property=\"og:locale\" content=\"pt_PT\" \/>\n<meta property=\"og:type\" content=\"article\" \/>\n<meta property=\"og:title\" content=\"NAAP - SVT FACULDADE\" \/>\n<meta property=\"og:description\" content=\"N\u00daCLEO DE ACESSIBILIDADE E APOIO PEDAG\u00d3GICO\u200b Na SVT Faculdade, o N\u00facleo de Acessibilidade e Apoio Pedag\u00f3gico (NAAP) se dedica a promover o bem-estar emocional e acad\u00eamico de toda a comunidade, oferecendo suporte psicopedag\u00f3gico que integra orienta\u00e7\u00e3o, diagn\u00f3stico e estrat\u00e9gias de enfrentamento. Apoio ao Estudante A SVT FACULDADE oferecer\u00e1 apoio psicopedag\u00f3gico, mas n\u00e3o apenas aos seus [&hellip;]\" \/>\n<meta property=\"og:url\" content=\"https:\/\/svtfaculdade.edu.br\/inicio\/naap\/\" \/>\n<meta property=\"og:site_name\" content=\"SVT FACULDADE\" \/>\n<meta property=\"article:modified_time\" content=\"2024-10-25T00:20:11+00:00\" \/>\n<meta name=\"twitter:card\" content=\"summary_large_image\" \/>\n<meta name=\"twitter:label1\" content=\"Tempo estimado de leitura\" \/>\n\t<meta name=\"twitter:data1\" content=\"3 minutos\" \/>\n<script type=\"application\/ld+json\" class=\"yoast-schema-graph\">{\"@context\":\"https:\\\/\\\/schema.org\",\"@graph\":[{\"@type\":\"WebPage\",\"@id\":\"https:\\\/\\\/svtfaculdade.edu.br\\\/inicio\\\/naap\\\/\",\"url\":\"https:\\\/\\\/svtfaculdade.edu.br\\\/inicio\\\/naap\\\/\",\"name\":\"NAAP - SVT FACULDADE\",\"isPartOf\":{\"@id\":\"https:\\\/\\\/svtfaculdade.edu.br\\\/inicio\\\/#website\"},\"datePublished\":\"2024-10-23T23:49:47+00:00\",\"dateModified\":\"2024-10-25T00:20:11+00:00\",\"breadcrumb\":{\"@id\":\"https:\\\/\\\/svtfaculdade.edu.br\\\/inicio\\\/naap\\\/#breadcrumb\"},\"inLanguage\":\"pt-PT\",\"potentialAction\":[{\"@type\":\"ReadAction\",\"target\":[\"https:\\\/\\\/svtfaculdade.edu.br\\\/inicio\\\/naap\\\/\"]}]},{\"@type\":\"BreadcrumbList\",\"@id\":\"https:\\\/\\\/svtfaculdade.edu.br\\\/inicio\\\/naap\\\/#breadcrumb\",\"itemListElement\":[{\"@type\":\"ListItem\",\"position\":1,\"name\":\"Home\",\"item\":\"https:\\\/\\\/svtfaculdade.edu.br\\\/inicio\\\/\"},{\"@type\":\"ListItem\",\"position\":2,\"name\":\"NAAP\"}]},{\"@type\":\"WebSite\",\"@id\":\"https:\\\/\\\/svtfaculdade.edu.br\\\/inicio\\\/#website\",\"url\":\"https:\\\/\\\/svtfaculdade.edu.br\\\/inicio\\\/\",\"name\":\"SVT FACULDADE\",\"description\":\"SVT EDU\",\"publisher\":{\"@id\":\"https:\\\/\\\/svtfaculdade.edu.br\\\/inicio\\\/#organization\"},\"potentialAction\":[{\"@type\":\"SearchAction\",\"target\":{\"@type\":\"EntryPoint\",\"urlTemplate\":\"https:\\\/\\\/svtfaculdade.edu.br\\\/inicio\\\/?s={search_term_string}\"},\"query-input\":{\"@type\":\"PropertyValueSpecification\",\"valueRequired\":true,\"valueName\":\"search_term_string\"}}],\"inLanguage\":\"pt-PT\"},{\"@type\":\"Organization\",\"@id\":\"https:\\\/\\\/svtfaculdade.edu.br\\\/inicio\\\/#organization\",\"name\":\"SVT FACULDADE\",\"url\":\"https:\\\/\\\/svtfaculdade.edu.br\\\/inicio\\\/\",\"logo\":{\"@type\":\"ImageObject\",\"inLanguage\":\"pt-PT\",\"@id\":\"https:\\\/\\\/svtfaculdade.edu.br\\\/inicio\\\/#\\\/schema\\\/logo\\\/image\\\/\",\"url\":\"https:\\\/\\\/svtfaculdade.edu.br\\\/wp-content\\\/uploads\\\/2023\\\/03\\\/cropped-Logo-Svt-copiar.png\",\"contentUrl\":\"https:\\\/\\\/svtfaculdade.edu.br\\\/wp-content\\\/uploads\\\/2023\\\/03\\\/cropped-Logo-Svt-copiar.png\",\"width\":3658,\"height\":709,\"caption\":\"SVT FACULDADE\"},\"image\":{\"@id\":\"https:\\\/\\\/svtfaculdade.edu.br\\\/inicio\\\/#\\\/schema\\\/logo\\\/image\\\/\"}}]}<\/script>\n<!-- \/ Yoast SEO plugin. -->","yoast_head_json":{"title":"NAAP - SVT FACULDADE","robots":{"index":"index","follow":"follow","max-snippet":"max-snippet:-1","max-image-preview":"max-image-preview:large","max-video-preview":"max-video-preview:-1"},"canonical":"https:\/\/svtfaculdade.edu.br\/inicio\/naap\/","og_locale":"pt_PT","og_type":"article","og_title":"NAAP - SVT FACULDADE","og_description":"N\u00daCLEO DE ACESSIBILIDADE E APOIO PEDAG\u00d3GICO\u200b Na SVT Faculdade, o N\u00facleo de Acessibilidade e Apoio Pedag\u00f3gico (NAAP) se dedica a promover o bem-estar emocional e acad\u00eamico de toda a comunidade, oferecendo suporte psicopedag\u00f3gico que integra orienta\u00e7\u00e3o, diagn\u00f3stico e estrat\u00e9gias de enfrentamento. Apoio ao Estudante A SVT FACULDADE oferecer\u00e1 apoio psicopedag\u00f3gico, mas n\u00e3o apenas aos seus [&hellip;]","og_url":"https:\/\/svtfaculdade.edu.br\/inicio\/naap\/","og_site_name":"SVT FACULDADE","article_modified_time":"2024-10-25T00:20:11+00:00","twitter_card":"summary_large_image","twitter_misc":{"Tempo estimado de leitura":"3 minutos"},"schema":{"@context":"https:\/\/schema.org","@graph":[{"@type":"WebPage","@id":"https:\/\/svtfaculdade.edu.br\/inicio\/naap\/","url":"https:\/\/svtfaculdade.edu.br\/inicio\/naap\/","name":"NAAP - SVT FACULDADE","isPartOf":{"@id":"https:\/\/svtfaculdade.edu.br\/inicio\/#website"},"datePublished":"2024-10-23T23:49:47+00:00","dateModified":"2024-10-25T00:20:11+00:00","breadcrumb":{"@id":"https:\/\/svtfaculdade.edu.br\/inicio\/naap\/#breadcrumb"},"inLanguage":"pt-PT","potentialAction":[{"@type":"ReadAction","target":["https:\/\/svtfaculdade.edu.br\/inicio\/naap\/"]}]},{"@type":"BreadcrumbList","@id":"https:\/\/svtfaculdade.edu.br\/inicio\/naap\/#breadcrumb","itemListElement":[{"@type":"ListItem","position":1,"name":"Home","item":"https:\/\/svtfaculdade.edu.br\/inicio\/"},{"@type":"ListItem","position":2,"name":"NAAP"}]},{"@type":"WebSite","@id":"https:\/\/svtfaculdade.edu.br\/inicio\/#website","url":"https:\/\/svtfaculdade.edu.br\/inicio\/","name":"SVT FACULDADE","description":"SVT EDU","publisher":{"@id":"https:\/\/svtfaculdade.edu.br\/inicio\/#organization"},"potentialAction":[{"@type":"SearchAction","target":{"@type":"EntryPoint","urlTemplate":"https:\/\/svtfaculdade.edu.br\/inicio\/?s={search_term_string}"},"query-input":{"@type":"PropertyValueSpecification","valueRequired":true,"valueName":"search_term_string"}}],"inLanguage":"pt-PT"},{"@type":"Organization","@id":"https:\/\/svtfaculdade.edu.br\/inicio\/#organization","name":"SVT FACULDADE","url":"https:\/\/svtfaculdade.edu.br\/inicio\/","logo":{"@type":"ImageObject","inLanguage":"pt-PT","@id":"https:\/\/svtfaculdade.edu.br\/inicio\/#\/schema\/logo\/image\/","url":"https:\/\/svtfaculdade.edu.br\/wp-content\/uploads\/2023\/03\/cropped-Logo-Svt-copiar.png","contentUrl":"https:\/\/svtfaculdade.edu.br\/wp-content\/uploads\/2023\/03\/cropped-Logo-Svt-copiar.png","width":3658,"height":709,"caption":"SVT FACULDADE"},"image":{"@id":"https:\/\/svtfaculdade.edu.br\/inicio\/#\/schema\/logo\/image\/"}}]}},"_links":{"self":[{"href":"https:\/\/svtfaculdade.edu.br\/inicio\/wp-json\/wp\/v2\/pages\/15405","targetHints":{"allow":["GET"]}}],"collection":[{"href":"https:\/\/svtfaculdade.edu.br\/inicio\/wp-json\/wp\/v2\/pages"}],"about":[{"href":"https:\/\/svtfaculdade.edu.br\/inicio\/wp-json\/wp\/v2\/types\/page"}],"author":[{"embeddable":true,"href":"https:\/\/svtfaculdade.edu.br\/inicio\/wp-json\/wp\/v2\/users\/2"}],"replies":[{"embeddable":true,"href":"https:\/\/svtfaculdade.edu.br\/inicio\/wp-json\/wp\/v2\/comments?post=15405"}],"version-history":[{"count":10,"href":"https:\/\/svtfaculdade.edu.br\/inicio\/wp-json\/wp\/v2\/pages\/15405\/revisions"}],"predecessor-version":[{"id":15799,"href":"https:\/\/svtfaculdade.edu.br\/inicio\/wp-json\/wp\/v2\/pages\/15405\/revisions\/15799"}],"wp:attachment":[{"href":"https:\/\/svtfaculdade.edu.br\/inicio\/wp-json\/wp\/v2\/media?parent=15405"}],"curies":[{"name":"wp","href":"https:\/\/api.w.org\/{rel}","templated":true}]}}