{"id":160,"date":"2023-03-20T18:04:21","date_gmt":"2023-03-20T18:04:21","guid":{"rendered":"https:\/\/svtfaculdade.edu.br\/inicio\/?page_id=160"},"modified":"2025-03-19T17:55:00","modified_gmt":"2025-03-19T17:55:00","slug":"quais-os-diferenciais-da-nossa-graduacao","status":"publish","type":"page","link":"https:\/\/svtfaculdade.edu.br\/inicio\/quais-os-diferenciais-da-nossa-graduacao\/","title":{"rendered":"Quais os diferenciais da nossa Gradua\u00e7\u00e3o?"},"content":{"rendered":"\t\t<div data-elementor-type=\"wp-page\" data-elementor-id=\"160\" class=\"elementor elementor-160\">\n\t\t\t\t\t\t<section class=\"elementor-section elementor-top-section elementor-element elementor-element-c13664c elementor-hidden-desktop elementor-hidden-tablet elementor-section-boxed elementor-section-height-default elementor-section-height-default\" data-id=\"c13664c\" data-element_type=\"section\" data-e-type=\"section\" data-settings=\"{&quot;background_background&quot;:&quot;classic&quot;,&quot;sticky&quot;:&quot;top&quot;,&quot;sticky_on&quot;:[&quot;desktop&quot;,&quot;tablet&quot;,&quot;mobile&quot;],&quot;sticky_offset&quot;:0,&quot;sticky_effects_offset&quot;:0}\">\n\t\t\t\t\t\t<div class=\"elementor-container elementor-column-gap-default\">\n\t\t\t\t\t<div class=\"elementor-column elementor-col-100 elementor-top-column elementor-element elementor-element-be7fe66\" data-id=\"be7fe66\" data-element_type=\"column\" data-e-type=\"column\">\n\t\t\t<div class=\"elementor-widget-wrap elementor-element-populated\">\n\t\t\t\t\t\t<div class=\"elementor-element elementor-element-124650d elementor-widget elementor-widget-image\" data-id=\"124650d\" data-element_type=\"widget\" data-e-type=\"widget\" data-widget_type=\"image.default\">\n\t\t\t\t<div class=\"elementor-widget-container\">\n\t\t\t\t\t\t\t\t\t\t\t\t\t\t\t\t<a href=\"https:\/\/svtfaculdade.edu.br\/inicio\">\n\t\t\t\t\t\t\t<img fetchpriority=\"high\" decoding=\"async\" width=\"800\" height=\"134\" src=\"https:\/\/svtfaculdade.edu.br\/wp-content\/uploads\/2023\/03\/LOGO-branca-SVT-FACULDADE2019-1024x171.png\" class=\"attachment-large size-large wp-image-85\" alt=\"\" srcset=\"https:\/\/svtfaculdade.edu.br\/wp-content\/uploads\/2023\/03\/LOGO-branca-SVT-FACULDADE2019-1024x171.png 1024w, https:\/\/svtfaculdade.edu.br\/wp-content\/uploads\/2023\/03\/LOGO-branca-SVT-FACULDADE2019-300x50.png 300w, https:\/\/svtfaculdade.edu.br\/wp-content\/uploads\/2023\/03\/LOGO-branca-SVT-FACULDADE2019-768x128.png 768w, https:\/\/svtfaculdade.edu.br\/wp-content\/uploads\/2023\/03\/LOGO-branca-SVT-FACULDADE2019-1536x256.png 1536w, https:\/\/svtfaculdade.edu.br\/wp-content\/uploads\/2023\/03\/LOGO-branca-SVT-FACULDADE2019-2048x341.png 2048w\" sizes=\"(max-width: 800px) 100vw, 800px\" \/>\t\t\t\t\t\t\t\t<\/a>\n\t\t\t\t\t\t\t\t\t\t\t\t\t\t\t<\/div>\n\t\t\t\t<\/div>\n\t\t\t\t\t<\/div>\n\t\t<\/div>\n\t\t\t\t\t<\/div>\n\t\t<\/section>\n\t\t\t\t<section class=\"elementor-section elementor-top-section elementor-element elementor-element-e68d960 elementor-section-height-min-height elementor-section-boxed elementor-section-height-default elementor-section-items-middle\" data-id=\"e68d960\" data-element_type=\"section\" data-e-type=\"section\" data-settings=\"{&quot;background_background&quot;:&quot;slideshow&quot;,&quot;background_slideshow_gallery&quot;:[{&quot;id&quot;:13,&quot;url&quot;:&quot;https:\\\/\\\/svtfaculdade.edu.br\\\/wp-content\\\/uploads\\\/2023\\\/03\\\/grad-9.png&quot;}],&quot;background_slideshow_slide_duration&quot;:6000,&quot;background_slideshow_slide_transition&quot;:&quot;slide_left&quot;,&quot;background_slideshow_transition_duration&quot;:800,&quot;background_slideshow_loop&quot;:&quot;yes&quot;}\">\n\t\t\t\t\t\t<div class=\"elementor-container elementor-column-gap-default\">\n\t\t\t\t\t<div class=\"elementor-column elementor-col-50 elementor-top-column elementor-element elementor-element-1565455e\" data-id=\"1565455e\" data-element_type=\"column\" data-e-type=\"column\">\n\t\t\t<div class=\"elementor-widget-wrap\">\n\t\t\t\t\t\t\t<\/div>\n\t\t<\/div>\n\t\t\t\t<div class=\"elementor-column elementor-col-50 elementor-top-column elementor-element elementor-element-68bdfa22\" data-id=\"68bdfa22\" data-element_type=\"column\" data-e-type=\"column\">\n\t\t\t<div class=\"elementor-widget-wrap\">\n\t\t\t\t\t\t\t<\/div>\n\t\t<\/div>\n\t\t\t\t\t<\/div>\n\t\t<\/section>\n\t\t\t\t<section class=\"elementor-section elementor-top-section elementor-element elementor-element-2c7aa33 elementor-section-boxed elementor-section-height-default elementor-section-height-default\" data-id=\"2c7aa33\" data-element_type=\"section\" data-e-type=\"section\">\n\t\t\t\t\t\t<div class=\"elementor-container elementor-column-gap-default\">\n\t\t\t\t\t<div class=\"elementor-column elementor-col-100 elementor-top-column elementor-element elementor-element-d733b72\" data-id=\"d733b72\" data-element_type=\"column\" data-e-type=\"column\">\n\t\t\t<div class=\"elementor-widget-wrap elementor-element-populated\">\n\t\t\t\t\t\t<div class=\"elementor-element elementor-element-e045bf8 elementor-widget elementor-widget-heading\" data-id=\"e045bf8\" data-element_type=\"widget\" data-e-type=\"widget\" data-widget_type=\"heading.default\">\n\t\t\t\t<div class=\"elementor-widget-container\">\n\t\t\t\t\t<h2 class=\"elementor-heading-title elementor-size-default\">Quais os diferenciais da nossa Gradua\u00e7\u00e3o?<\/h2>\t\t\t\t<\/div>\n\t\t\t\t<\/div>\n\t\t\t\t<div class=\"elementor-element elementor-element-4e09fd1 elementor-widget elementor-widget-heading\" data-id=\"4e09fd1\" data-element_type=\"widget\" data-e-type=\"widget\" data-widget_type=\"heading.default\">\n\t\t\t\t<div class=\"elementor-widget-container\">\n\t\t\t\t\t<h2 class=\"elementor-heading-title elementor-size-default\">Uma Faculdade \u00e9 uma institui\u00e7\u00e3o de ensino superior pluridisciplinar. Seu objetivo \u00e9 formar quadros profissionais de n\u00edvel superior. Formar pesquisadores nos diversos ramos da ci\u00eancia. \u00c9 uma institui\u00e7\u00e3o de cultivo do saber humano.<br><br>\nAs institui\u00e7\u00f5es de ensino superior devem estar comprometidas com os sonhos e as realiza\u00e7\u00f5es de seus alunos. Por sua vez, eles vivem o dia a dia da Institui\u00e7\u00e3o, \u00e9 nela onde eles depositam seus sonhos e atrav\u00e9s dela perseguem os caminhos do futuro. A participa\u00e7\u00e3o dos alunos dever\u00e1 ser algo que represente tamb\u00e9m os desejos institucionais.<br><br>\nPara a SVT FACULDADE, portanto, a qualidade \u00e9 algo que deve estar fundamentada no equil\u00edbrio entre a teoria e a pr\u00e1tica, atrav\u00e9s de um modelo diferenciado de teoriza\u00e7\u00e3o e aplica\u00e7\u00e3o dos conhecimentos. Assim, a SVT FACULDADE propicia, tamb\u00e9m, a seus alunos da gradua\u00e7\u00e3o, a oportunidade de estudos sobre teorias e temas cient\u00edficos, permitindo a eles o crescimento intelectual e profissional.<br><br>\n Por isso, e com foco em nossos alunos, procuramos dar respostas \u00e0s exig\u00eancias do tempo moderno, de uma nova era, a era do saber mundial e globalizado, onde cada vez mais se constata o avan\u00e7o do conhecimento e da ci\u00eancia. Nesse passo, e como institui\u00e7\u00e3o de educa\u00e7\u00e3o superior que \u00e9, a SVT FACULDADE adota a modernidade em m\u00e9todos e t\u00e9cnicas pedag\u00f3gicas, adaptando-se, quando necess\u00e1rio, aos novos tempos da educa\u00e7\u00e3o, pois estamos sempre dispon\u00edveis para a mudan\u00e7a, com autodiscernimento e coragem. <br><br>\nA vida acad\u00eamica ou o \u201cSer universit\u00e1rio\u201d n\u00e3o \u00e9 apenas assistir aulas e fazer provas. \u00c9 preciso criar la\u00e7os que agreguem valores aos estudos, vivenciar a academia, ser um leitor constante, ter o h\u00e1bito de leitura e estar antenado com o seu mundo dentro e fora da Faculdade.\nNo final do curso, o aluno sair\u00e1 graduado com habilidades e qualidades para exercer uma profiss\u00e3o, a que ele mesmo escolheu. O mercado de trabalho o espera: ele \u00e9 din\u00e2mico, exigente, como requer a p\u00f3s-modernidade.<br><br>\nPor isso, prepare-se e assuma sua nova profiss\u00e3o na SVT Faculdade, fazendo uma carreira de sucesso. E siga em frente!\n<\/h2>\t\t\t\t<\/div>\n\t\t\t\t<\/div>\n\t\t\t\t\t<\/div>\n\t\t<\/div>\n\t\t\t\t\t<\/div>\n\t\t<\/section>\n\t\t\t\t<section class=\"elementor-section elementor-top-section elementor-element elementor-element-40ea8f0 elementor-section-boxed elementor-section-height-default elementor-section-height-default\" data-id=\"40ea8f0\" data-element_type=\"section\" data-e-type=\"section\">\n\t\t\t\t\t\t<div class=\"elementor-container elementor-column-gap-default\">\n\t\t\t\t\t<div class=\"elementor-column elementor-col-100 elementor-top-column elementor-element elementor-element-5c954ec\" data-id=\"5c954ec\" data-element_type=\"column\" data-e-type=\"column\">\n\t\t\t<div class=\"elementor-widget-wrap elementor-element-populated\">\n\t\t\t\t\t\t<div class=\"elementor-element elementor-element-a201c85 elementor-widget elementor-widget-heading\" data-id=\"a201c85\" data-element_type=\"widget\" data-e-type=\"widget\" data-widget_type=\"heading.default\">\n\t\t\t\t<div class=\"elementor-widget-container\">\n\t\t\t\t\t<h2 class=\"elementor-heading-title elementor-size-default\">Escolha uma Gradua\u00e7\u00e3o:<\/h2>\t\t\t\t<\/div>\n\t\t\t\t<\/div>\n\t\t\t\t<section class=\"elementor-section elementor-inner-section elementor-element elementor-element-48a3d49 elementor-section-boxed elementor-section-height-default elementor-section-height-default\" data-id=\"48a3d49\" data-element_type=\"section\" data-e-type=\"section\">\n\t\t\t\t\t\t<div class=\"elementor-container elementor-column-gap-default\">\n\t\t\t\t\t<div class=\"elementor-column elementor-col-33 elementor-inner-column elementor-element elementor-element-19297c7\" data-id=\"19297c7\" data-element_type=\"column\" data-e-type=\"column\">\n\t\t\t<div class=\"elementor-widget-wrap elementor-element-populated\">\n\t\t\t\t\t\t<div class=\"elementor-element elementor-element-09756ce elementor-widget elementor-widget-image\" data-id=\"09756ce\" data-element_type=\"widget\" data-e-type=\"widget\" data-widget_type=\"image.default\">\n\t\t\t\t<div class=\"elementor-widget-container\">\n\t\t\t\t\t\t\t\t\t\t\t\t\t\t\t\t<a href=\"https:\/\/www.cursos.svtfaculdade.edu.br\/graduacao-em-direito\/\" target=\"_blank\">\n\t\t\t\t\t\t\t<img decoding=\"async\" width=\"800\" height=\"800\" src=\"https:\/\/svtfaculdade.edu.br\/wp-content\/uploads\/2023\/03\/Graduacao-em-Direito-2-1024x1024.webp\" class=\"elementor-animation-grow attachment-large size-large wp-image-174\" alt=\"\" srcset=\"https:\/\/svtfaculdade.edu.br\/wp-content\/uploads\/2023\/03\/Graduacao-em-Direito-2-1024x1024.webp 1024w, https:\/\/svtfaculdade.edu.br\/wp-content\/uploads\/2023\/03\/Graduacao-em-Direito-2-300x300.webp 300w, https:\/\/svtfaculdade.edu.br\/wp-content\/uploads\/2023\/03\/Graduacao-em-Direito-2-150x150.webp 150w, https:\/\/svtfaculdade.edu.br\/wp-content\/uploads\/2023\/03\/Graduacao-em-Direito-2-768x768.webp 768w, https:\/\/svtfaculdade.edu.br\/wp-content\/uploads\/2023\/03\/Graduacao-em-Direito-2.webp 1080w\" sizes=\"(max-width: 800px) 100vw, 800px\" \/>\t\t\t\t\t\t\t\t<\/a>\n\t\t\t\t\t\t\t\t\t\t\t\t\t\t\t<\/div>\n\t\t\t\t<\/div>\n\t\t\t\t\t<\/div>\n\t\t<\/div>\n\t\t\t\t<div class=\"elementor-column elementor-col-33 elementor-inner-column elementor-element elementor-element-aec9d2a\" data-id=\"aec9d2a\" data-element_type=\"column\" data-e-type=\"column\">\n\t\t\t<div class=\"elementor-widget-wrap elementor-element-populated\">\n\t\t\t\t\t\t<div class=\"elementor-element elementor-element-e7b165e elementor-widget elementor-widget-image\" data-id=\"e7b165e\" data-element_type=\"widget\" data-e-type=\"widget\" data-widget_type=\"image.default\">\n\t\t\t\t<div class=\"elementor-widget-container\">\n\t\t\t\t\t\t\t\t\t\t\t\t\t\t\t\t<a href=\"https:\/\/www.cursos.svtfaculdade.edu.br\/graduacao-em-gestao-publica\/\" target=\"_blank\">\n\t\t\t\t\t\t\t<img decoding=\"async\" width=\"800\" height=\"800\" src=\"https:\/\/svtfaculdade.edu.br\/wp-content\/uploads\/2024\/06\/p2-1024x1024.png\" class=\"elementor-animation-grow attachment-large size-large wp-image-1550\" alt=\"\" srcset=\"https:\/\/svtfaculdade.edu.br\/wp-content\/uploads\/2024\/06\/p2-1024x1024.png 1024w, https:\/\/svtfaculdade.edu.br\/wp-content\/uploads\/2024\/06\/p2-300x300.png 300w, https:\/\/svtfaculdade.edu.br\/wp-content\/uploads\/2024\/06\/p2-150x150.png 150w, https:\/\/svtfaculdade.edu.br\/wp-content\/uploads\/2024\/06\/p2-768x768.png 768w, https:\/\/svtfaculdade.edu.br\/wp-content\/uploads\/2024\/06\/p2.png 1080w\" sizes=\"(max-width: 800px) 100vw, 800px\" \/>\t\t\t\t\t\t\t\t<\/a>\n\t\t\t\t\t\t\t\t\t\t\t\t\t\t\t<\/div>\n\t\t\t\t<\/div>\n\t\t\t\t\t<\/div>\n\t\t<\/div>\n\t\t\t\t<div class=\"elementor-column elementor-col-33 elementor-inner-column elementor-element elementor-element-91b3736\" data-id=\"91b3736\" data-element_type=\"column\" data-e-type=\"column\">\n\t\t\t<div class=\"elementor-widget-wrap elementor-element-populated\">\n\t\t\t\t\t\t<div class=\"elementor-element elementor-element-d112123 elementor-widget elementor-widget-image\" data-id=\"d112123\" data-element_type=\"widget\" data-e-type=\"widget\" data-widget_type=\"image.default\">\n\t\t\t\t<div class=\"elementor-widget-container\">\n\t\t\t\t\t\t\t\t\t\t\t\t\t\t\t\t<a href=\"https:\/\/www.cursos.svtfaculdade.edu.br\/graduacao-em-seguranca-publica\/\" target=\"_blank\">\n\t\t\t\t\t\t\t<img loading=\"lazy\" decoding=\"async\" width=\"800\" height=\"800\" src=\"https:\/\/svtfaculdade.edu.br\/wp-content\/uploads\/2024\/01\/card-fges-vinho-1024x1024.png\" class=\"elementor-animation-grow attachment-large size-large wp-image-1132\" alt=\"\" srcset=\"https:\/\/svtfaculdade.edu.br\/wp-content\/uploads\/2024\/01\/card-fges-vinho-1024x1024.png 1024w, https:\/\/svtfaculdade.edu.br\/wp-content\/uploads\/2024\/01\/card-fges-vinho-300x300.png 300w, https:\/\/svtfaculdade.edu.br\/wp-content\/uploads\/2024\/01\/card-fges-vinho-150x150.png 150w, https:\/\/svtfaculdade.edu.br\/wp-content\/uploads\/2024\/01\/card-fges-vinho-768x768.png 768w, https:\/\/svtfaculdade.edu.br\/wp-content\/uploads\/2024\/01\/card-fges-vinho.png 1080w\" sizes=\"(max-width: 800px) 100vw, 800px\" \/>\t\t\t\t\t\t\t\t<\/a>\n\t\t\t\t\t\t\t\t\t\t\t\t\t\t\t<\/div>\n\t\t\t\t<\/div>\n\t\t\t\t\t<\/div>\n\t\t<\/div>\n\t\t\t\t\t<\/div>\n\t\t<\/section>\n\t\t\t\t\t<\/div>\n\t\t<\/div>\n\t\t\t\t\t<\/div>\n\t\t<\/section>\n\t\t\t\t<section class=\"elementor-section elementor-top-section elementor-element elementor-element-f45992c elementor-section-boxed elementor-section-height-default elementor-section-height-default\" data-id=\"f45992c\" data-element_type=\"section\" data-e-type=\"section\">\n\t\t\t\t\t\t<div class=\"elementor-container elementor-column-gap-default\">\n\t\t\t\t\t<div class=\"elementor-column elementor-col-100 elementor-top-column elementor-element elementor-element-0bf7134\" data-id=\"0bf7134\" data-element_type=\"column\" data-e-type=\"column\">\n\t\t\t<div class=\"elementor-widget-wrap elementor-element-populated\">\n\t\t\t\t\t\t<div class=\"elementor-element elementor-element-ce14800 elementor-widget elementor-widget-google_maps\" data-id=\"ce14800\" data-element_type=\"widget\" data-e-type=\"widget\" data-widget_type=\"google_maps.default\">\n\t\t\t\t<div class=\"elementor-widget-container\">\n\t\t\t\t\t\t\t<div class=\"elementor-custom-embed\">\n\t\t\t<iframe loading=\"lazy\"\n\t\t\t\t\tsrc=\"https:\/\/maps.google.com\/maps?q=SVT%20Faculdade&#038;t=m&#038;z=16&#038;output=embed&#038;iwloc=near\"\n\t\t\t\t\ttitle=\"SVT Faculdade\"\n\t\t\t\t\taria-label=\"SVT Faculdade\"\n\t\t\t><\/iframe>\n\t\t<\/div>\n\t\t\t\t\t\t<\/div>\n\t\t\t\t<\/div>\n\t\t\t\t\t<\/div>\n\t\t<\/div>\n\t\t\t\t\t<\/div>\n\t\t<\/section>\n\t\t\t\t<\/div>\n\t\t","protected":false},"excerpt":{"rendered":"<p>Quais os diferenciais da nossa Gradua\u00e7\u00e3o? Uma Faculdade \u00e9 uma institui\u00e7\u00e3o de ensino superior pluridisciplinar. Seu objetivo \u00e9 formar quadros profissionais de n\u00edvel superior. Formar pesquisadores nos diversos ramos da ci\u00eancia. \u00c9 uma institui\u00e7\u00e3o de cultivo do saber humano. As institui\u00e7\u00f5es de ensino superior devem estar comprometidas com os sonhos e as realiza\u00e7\u00f5es de seus [&hellip;]<\/p>\n","protected":false},"author":1,"featured_media":0,"parent":0,"menu_order":0,"comment_status":"closed","ping_status":"closed","template":"","meta":{"footnotes":""},"class_list":["post-160","page","type-page","status-publish","hentry"],"yoast_head":"<!-- This site is optimized with the Yoast SEO plugin v27.4 - https:\/\/yoast.com\/product\/yoast-seo-wordpress\/ -->\n<title>Quais os diferenciais da nossa Gradua\u00e7\u00e3o? - SVT FACULDADE<\/title>\n<meta name=\"robots\" content=\"index, follow, max-snippet:-1, max-image-preview:large, max-video-preview:-1\" \/>\n<link rel=\"canonical\" href=\"https:\/\/svtfaculdade.edu.br\/inicio\/quais-os-diferenciais-da-nossa-graduacao\/\" \/>\n<meta property=\"og:locale\" content=\"pt_PT\" \/>\n<meta property=\"og:type\" content=\"article\" \/>\n<meta property=\"og:title\" content=\"Quais os diferenciais da nossa Gradua\u00e7\u00e3o? - SVT FACULDADE\" \/>\n<meta property=\"og:description\" content=\"Quais os diferenciais da nossa Gradua\u00e7\u00e3o? Uma Faculdade \u00e9 uma institui\u00e7\u00e3o de ensino superior pluridisciplinar. Seu objetivo \u00e9 formar quadros profissionais de n\u00edvel superior. Formar pesquisadores nos diversos ramos da ci\u00eancia. \u00c9 uma institui\u00e7\u00e3o de cultivo do saber humano. As institui\u00e7\u00f5es de ensino superior devem estar comprometidas com os sonhos e as realiza\u00e7\u00f5es de seus [&hellip;]\" \/>\n<meta property=\"og:url\" content=\"https:\/\/svtfaculdade.edu.br\/inicio\/quais-os-diferenciais-da-nossa-graduacao\/\" \/>\n<meta property=\"og:site_name\" content=\"SVT FACULDADE\" \/>\n<meta property=\"article:modified_time\" content=\"2025-03-19T17:55:00+00:00\" \/>\n<meta property=\"og:image\" content=\"https:\/\/svtfaculdade.edu.br\/wp-content\/uploads\/2023\/03\/LOGO-branca-SVT-FACULDADE2019-1024x171.png\" \/>\n<meta name=\"twitter:card\" content=\"summary_large_image\" \/>\n<meta name=\"twitter:label1\" content=\"Tempo estimado de leitura\" \/>\n\t<meta name=\"twitter:data1\" content=\"3 minutos\" \/>\n<script type=\"application\/ld+json\" class=\"yoast-schema-graph\">{\"@context\":\"https:\\\/\\\/schema.org\",\"@graph\":[{\"@type\":\"WebPage\",\"@id\":\"https:\\\/\\\/svtfaculdade.edu.br\\\/inicio\\\/quais-os-diferenciais-da-nossa-graduacao\\\/\",\"url\":\"https:\\\/\\\/svtfaculdade.edu.br\\\/inicio\\\/quais-os-diferenciais-da-nossa-graduacao\\\/\",\"name\":\"Quais os diferenciais da nossa Gradua\u00e7\u00e3o? - SVT FACULDADE\",\"isPartOf\":{\"@id\":\"https:\\\/\\\/svtfaculdade.edu.br\\\/inicio\\\/#website\"},\"primaryImageOfPage\":{\"@id\":\"https:\\\/\\\/svtfaculdade.edu.br\\\/inicio\\\/quais-os-diferenciais-da-nossa-graduacao\\\/#primaryimage\"},\"image\":{\"@id\":\"https:\\\/\\\/svtfaculdade.edu.br\\\/inicio\\\/quais-os-diferenciais-da-nossa-graduacao\\\/#primaryimage\"},\"thumbnailUrl\":\"https:\\\/\\\/svtfaculdade.edu.br\\\/wp-content\\\/uploads\\\/2023\\\/03\\\/LOGO-branca-SVT-FACULDADE2019-1024x171.png\",\"datePublished\":\"2023-03-20T18:04:21+00:00\",\"dateModified\":\"2025-03-19T17:55:00+00:00\",\"breadcrumb\":{\"@id\":\"https:\\\/\\\/svtfaculdade.edu.br\\\/inicio\\\/quais-os-diferenciais-da-nossa-graduacao\\\/#breadcrumb\"},\"inLanguage\":\"pt-PT\",\"potentialAction\":[{\"@type\":\"ReadAction\",\"target\":[\"https:\\\/\\\/svtfaculdade.edu.br\\\/inicio\\\/quais-os-diferenciais-da-nossa-graduacao\\\/\"]}]},{\"@type\":\"ImageObject\",\"inLanguage\":\"pt-PT\",\"@id\":\"https:\\\/\\\/svtfaculdade.edu.br\\\/inicio\\\/quais-os-diferenciais-da-nossa-graduacao\\\/#primaryimage\",\"url\":\"https:\\\/\\\/svtfaculdade.edu.br\\\/wp-content\\\/uploads\\\/2023\\\/03\\\/LOGO-branca-SVT-FACULDADE2019-1024x171.png\",\"contentUrl\":\"https:\\\/\\\/svtfaculdade.edu.br\\\/wp-content\\\/uploads\\\/2023\\\/03\\\/LOGO-branca-SVT-FACULDADE2019-1024x171.png\"},{\"@type\":\"BreadcrumbList\",\"@id\":\"https:\\\/\\\/svtfaculdade.edu.br\\\/inicio\\\/quais-os-diferenciais-da-nossa-graduacao\\\/#breadcrumb\",\"itemListElement\":[{\"@type\":\"ListItem\",\"position\":1,\"name\":\"Home\",\"item\":\"https:\\\/\\\/svtfaculdade.edu.br\\\/inicio\\\/\"},{\"@type\":\"ListItem\",\"position\":2,\"name\":\"Quais os diferenciais da nossa Gradua\u00e7\u00e3o?\"}]},{\"@type\":\"WebSite\",\"@id\":\"https:\\\/\\\/svtfaculdade.edu.br\\\/inicio\\\/#website\",\"url\":\"https:\\\/\\\/svtfaculdade.edu.br\\\/inicio\\\/\",\"name\":\"SVT FACULDADE\",\"description\":\"SVT EDU\",\"publisher\":{\"@id\":\"https:\\\/\\\/svtfaculdade.edu.br\\\/inicio\\\/#organization\"},\"potentialAction\":[{\"@type\":\"SearchAction\",\"target\":{\"@type\":\"EntryPoint\",\"urlTemplate\":\"https:\\\/\\\/svtfaculdade.edu.br\\\/inicio\\\/?s={search_term_string}\"},\"query-input\":{\"@type\":\"PropertyValueSpecification\",\"valueRequired\":true,\"valueName\":\"search_term_string\"}}],\"inLanguage\":\"pt-PT\"},{\"@type\":\"Organization\",\"@id\":\"https:\\\/\\\/svtfaculdade.edu.br\\\/inicio\\\/#organization\",\"name\":\"SVT FACULDADE\",\"url\":\"https:\\\/\\\/svtfaculdade.edu.br\\\/inicio\\\/\",\"logo\":{\"@type\":\"ImageObject\",\"inLanguage\":\"pt-PT\",\"@id\":\"https:\\\/\\\/svtfaculdade.edu.br\\\/inicio\\\/#\\\/schema\\\/logo\\\/image\\\/\",\"url\":\"https:\\\/\\\/svtfaculdade.edu.br\\\/wp-content\\\/uploads\\\/2023\\\/03\\\/cropped-Logo-Svt-copiar.png\",\"contentUrl\":\"https:\\\/\\\/svtfaculdade.edu.br\\\/wp-content\\\/uploads\\\/2023\\\/03\\\/cropped-Logo-Svt-copiar.png\",\"width\":3658,\"height\":709,\"caption\":\"SVT FACULDADE\"},\"image\":{\"@id\":\"https:\\\/\\\/svtfaculdade.edu.br\\\/inicio\\\/#\\\/schema\\\/logo\\\/image\\\/\"}}]}<\/script>\n<!-- \/ Yoast SEO plugin. -->","yoast_head_json":{"title":"Quais os diferenciais da nossa Gradua\u00e7\u00e3o? - SVT FACULDADE","robots":{"index":"index","follow":"follow","max-snippet":"max-snippet:-1","max-image-preview":"max-image-preview:large","max-video-preview":"max-video-preview:-1"},"canonical":"https:\/\/svtfaculdade.edu.br\/inicio\/quais-os-diferenciais-da-nossa-graduacao\/","og_locale":"pt_PT","og_type":"article","og_title":"Quais os diferenciais da nossa Gradua\u00e7\u00e3o? - SVT FACULDADE","og_description":"Quais os diferenciais da nossa Gradua\u00e7\u00e3o? Uma Faculdade \u00e9 uma institui\u00e7\u00e3o de ensino superior pluridisciplinar. Seu objetivo \u00e9 formar quadros profissionais de n\u00edvel superior. Formar pesquisadores nos diversos ramos da ci\u00eancia. \u00c9 uma institui\u00e7\u00e3o de cultivo do saber humano. As institui\u00e7\u00f5es de ensino superior devem estar comprometidas com os sonhos e as realiza\u00e7\u00f5es de seus [&hellip;]","og_url":"https:\/\/svtfaculdade.edu.br\/inicio\/quais-os-diferenciais-da-nossa-graduacao\/","og_site_name":"SVT FACULDADE","article_modified_time":"2025-03-19T17:55:00+00:00","og_image":[{"url":"https:\/\/svtfaculdade.edu.br\/wp-content\/uploads\/2023\/03\/LOGO-branca-SVT-FACULDADE2019-1024x171.png","type":"","width":"","height":""}],"twitter_card":"summary_large_image","twitter_misc":{"Tempo estimado de leitura":"3 minutos"},"schema":{"@context":"https:\/\/schema.org","@graph":[{"@type":"WebPage","@id":"https:\/\/svtfaculdade.edu.br\/inicio\/quais-os-diferenciais-da-nossa-graduacao\/","url":"https:\/\/svtfaculdade.edu.br\/inicio\/quais-os-diferenciais-da-nossa-graduacao\/","name":"Quais os diferenciais da nossa Gradua\u00e7\u00e3o? - SVT FACULDADE","isPartOf":{"@id":"https:\/\/svtfaculdade.edu.br\/inicio\/#website"},"primaryImageOfPage":{"@id":"https:\/\/svtfaculdade.edu.br\/inicio\/quais-os-diferenciais-da-nossa-graduacao\/#primaryimage"},"image":{"@id":"https:\/\/svtfaculdade.edu.br\/inicio\/quais-os-diferenciais-da-nossa-graduacao\/#primaryimage"},"thumbnailUrl":"https:\/\/svtfaculdade.edu.br\/wp-content\/uploads\/2023\/03\/LOGO-branca-SVT-FACULDADE2019-1024x171.png","datePublished":"2023-03-20T18:04:21+00:00","dateModified":"2025-03-19T17:55:00+00:00","breadcrumb":{"@id":"https:\/\/svtfaculdade.edu.br\/inicio\/quais-os-diferenciais-da-nossa-graduacao\/#breadcrumb"},"inLanguage":"pt-PT","potentialAction":[{"@type":"ReadAction","target":["https:\/\/svtfaculdade.edu.br\/inicio\/quais-os-diferenciais-da-nossa-graduacao\/"]}]},{"@type":"ImageObject","inLanguage":"pt-PT","@id":"https:\/\/svtfaculdade.edu.br\/inicio\/quais-os-diferenciais-da-nossa-graduacao\/#primaryimage","url":"https:\/\/svtfaculdade.edu.br\/wp-content\/uploads\/2023\/03\/LOGO-branca-SVT-FACULDADE2019-1024x171.png","contentUrl":"https:\/\/svtfaculdade.edu.br\/wp-content\/uploads\/2023\/03\/LOGO-branca-SVT-FACULDADE2019-1024x171.png"},{"@type":"BreadcrumbList","@id":"https:\/\/svtfaculdade.edu.br\/inicio\/quais-os-diferenciais-da-nossa-graduacao\/#breadcrumb","itemListElement":[{"@type":"ListItem","position":1,"name":"Home","item":"https:\/\/svtfaculdade.edu.br\/inicio\/"},{"@type":"ListItem","position":2,"name":"Quais os diferenciais da nossa Gradua\u00e7\u00e3o?"}]},{"@type":"WebSite","@id":"https:\/\/svtfaculdade.edu.br\/inicio\/#website","url":"https:\/\/svtfaculdade.edu.br\/inicio\/","name":"SVT FACULDADE","description":"SVT EDU","publisher":{"@id":"https:\/\/svtfaculdade.edu.br\/inicio\/#organization"},"potentialAction":[{"@type":"SearchAction","target":{"@type":"EntryPoint","urlTemplate":"https:\/\/svtfaculdade.edu.br\/inicio\/?s={search_term_string}"},"query-input":{"@type":"PropertyValueSpecification","valueRequired":true,"valueName":"search_term_string"}}],"inLanguage":"pt-PT"},{"@type":"Organization","@id":"https:\/\/svtfaculdade.edu.br\/inicio\/#organization","name":"SVT FACULDADE","url":"https:\/\/svtfaculdade.edu.br\/inicio\/","logo":{"@type":"ImageObject","inLanguage":"pt-PT","@id":"https:\/\/svtfaculdade.edu.br\/inicio\/#\/schema\/logo\/image\/","url":"https:\/\/svtfaculdade.edu.br\/wp-content\/uploads\/2023\/03\/cropped-Logo-Svt-copiar.png","contentUrl":"https:\/\/svtfaculdade.edu.br\/wp-content\/uploads\/2023\/03\/cropped-Logo-Svt-copiar.png","width":3658,"height":709,"caption":"SVT FACULDADE"},"image":{"@id":"https:\/\/svtfaculdade.edu.br\/inicio\/#\/schema\/logo\/image\/"}}]}},"_links":{"self":[{"href":"https:\/\/svtfaculdade.edu.br\/inicio\/wp-json\/wp\/v2\/pages\/160","targetHints":{"allow":["GET"]}}],"collection":[{"href":"https:\/\/svtfaculdade.edu.br\/inicio\/wp-json\/wp\/v2\/pages"}],"about":[{"href":"https:\/\/svtfaculdade.edu.br\/inicio\/wp-json\/wp\/v2\/types\/page"}],"author":[{"embeddable":true,"href":"https:\/\/svtfaculdade.edu.br\/inicio\/wp-json\/wp\/v2\/users\/1"}],"replies":[{"embeddable":true,"href":"https:\/\/svtfaculdade.edu.br\/inicio\/wp-json\/wp\/v2\/comments?post=160"}],"version-history":[{"count":57,"href":"https:\/\/svtfaculdade.edu.br\/inicio\/wp-json\/wp\/v2\/pages\/160\/revisions"}],"predecessor-version":[{"id":16322,"href":"https:\/\/svtfaculdade.edu.br\/inicio\/wp-json\/wp\/v2\/pages\/160\/revisions\/16322"}],"wp:attachment":[{"href":"https:\/\/svtfaculdade.edu.br\/inicio\/wp-json\/wp\/v2\/media?parent=160"}],"curies":[{"name":"wp","href":"https:\/\/api.w.org\/{rel}","templated":true}]}}