{"id":361,"date":"2023-05-09T12:58:26","date_gmt":"2023-05-09T12:58:26","guid":{"rendered":"https:\/\/svtfaculdade.edu.br\/inicio\/?page_id=361"},"modified":"2024-10-16T12:57:04","modified_gmt":"2024-10-16T12:57:04","slug":"pagina-em-atualizacao","status":"publish","type":"page","link":"https:\/\/svtfaculdade.edu.br\/inicio\/pagina-em-atualizacao\/","title":{"rendered":"Pagina em Atualiza\u00e7\u00e3o"},"content":{"rendered":"\t\t<div data-elementor-type=\"wp-page\" data-elementor-id=\"361\" class=\"elementor elementor-361\">\n\t\t\t\t\t\t<section class=\"elementor-section elementor-top-section elementor-element elementor-element-331016c elementor-section-boxed elementor-section-height-default elementor-section-height-default\" data-id=\"331016c\" data-element_type=\"section\" data-e-type=\"section\">\n\t\t\t\t\t\t<div class=\"elementor-container elementor-column-gap-default\">\n\t\t\t\t\t<div class=\"elementor-column elementor-col-100 elementor-top-column elementor-element elementor-element-8361adb\" data-id=\"8361adb\" data-element_type=\"column\" data-e-type=\"column\">\n\t\t\t<div class=\"elementor-widget-wrap elementor-element-populated\">\n\t\t\t\t\t\t<div class=\"elementor-element elementor-element-7a66473 elementor-widget elementor-widget-heading\" data-id=\"7a66473\" data-element_type=\"widget\" data-e-type=\"widget\" data-widget_type=\"heading.default\">\n\t\t\t\t<div class=\"elementor-widget-container\">\n\t\t\t\t\t<h2 class=\"elementor-heading-title elementor-size-default\">Pagina em atualiza\u00e7\u00e3o...<\/h2>\t\t\t\t<\/div>\n\t\t\t\t<\/div>\n\t\t\t\t<div class=\"elementor-element elementor-element-8cac402 elementor-widget elementor-widget-spacer\" data-id=\"8cac402\" data-element_type=\"widget\" data-e-type=\"widget\" data-widget_type=\"spacer.default\">\n\t\t\t\t<div class=\"elementor-widget-container\">\n\t\t\t\t\t\t\t<div class=\"elementor-spacer\">\n\t\t\t<div class=\"elementor-spacer-inner\"><\/div>\n\t\t<\/div>\n\t\t\t\t\t\t<\/div>\n\t\t\t\t<\/div>\n\t\t\t\t<div class=\"elementor-element elementor-element-4b991e0 elementor-widget elementor-widget-text-editor\" data-id=\"4b991e0\" data-element_type=\"widget\" data-e-type=\"widget\" data-widget_type=\"text-editor.default\">\n\t\t\t\t<div class=\"elementor-widget-container\">\n\t\t\t\t\t\t\t\t\t<p>\u00a0 Prezado aluno, essa pagina se encontra em processo de atualiza\u00e7\u00e3o e est\u00e1 indispon\u00edvel no momento. Por favor retorne a pagina principal.<\/p><p><em>Agradecemos a compreens\u00e3o, <\/em><br \/><em>Equipe SVT Faculdade.<\/em><\/p>\t\t\t\t\t\t\t\t<\/div>\n\t\t\t\t<\/div>\n\t\t\t\t\t<\/div>\n\t\t<\/div>\n\t\t\t\t\t<\/div>\n\t\t<\/section>\n\t\t\t\t<section class=\"elementor-section elementor-top-section elementor-element elementor-element-7905abf3 elementor-section-height-min-height elementor-section-boxed elementor-section-height-default elementor-section-items-middle\" data-id=\"7905abf3\" data-element_type=\"section\" data-e-type=\"section\" data-settings=\"{&quot;background_background&quot;:&quot;classic&quot;}\">\n\t\t\t\t\t\t<div class=\"elementor-container elementor-column-gap-default\">\n\t\t\t\t\t<div class=\"elementor-column elementor-col-25 elementor-top-column elementor-element elementor-element-7ffe9ef4\" data-id=\"7ffe9ef4\" data-element_type=\"column\" data-e-type=\"column\">\n\t\t\t<div class=\"elementor-widget-wrap elementor-element-populated\">\n\t\t\t\t\t\t<div class=\"elementor-element elementor-element-78be9785 elementor-widget elementor-widget-image\" data-id=\"78be9785\" data-element_type=\"widget\" data-e-type=\"widget\" data-widget_type=\"image.default\">\n\t\t\t\t<div class=\"elementor-widget-container\">\n\t\t\t\t\t\t\t\t\t\t\t\t\t\t\t\t<a href=\"https:\/\/svtfaculdade.edu.br\/inicio\/\">\n\t\t\t\t\t\t\t<img fetchpriority=\"high\" decoding=\"async\" width=\"800\" height=\"134\" src=\"https:\/\/svtfaculdade.edu.br\/wp-content\/uploads\/2023\/03\/LOGO-branca-SVT-FACULDADE2019-1024x171.png\" class=\"attachment-large size-large wp-image-85\" alt=\"\" srcset=\"https:\/\/svtfaculdade.edu.br\/wp-content\/uploads\/2023\/03\/LOGO-branca-SVT-FACULDADE2019-1024x171.png 1024w, https:\/\/svtfaculdade.edu.br\/wp-content\/uploads\/2023\/03\/LOGO-branca-SVT-FACULDADE2019-300x50.png 300w, https:\/\/svtfaculdade.edu.br\/wp-content\/uploads\/2023\/03\/LOGO-branca-SVT-FACULDADE2019-768x128.png 768w, https:\/\/svtfaculdade.edu.br\/wp-content\/uploads\/2023\/03\/LOGO-branca-SVT-FACULDADE2019-1536x256.png 1536w, https:\/\/svtfaculdade.edu.br\/wp-content\/uploads\/2023\/03\/LOGO-branca-SVT-FACULDADE2019-2048x341.png 2048w\" sizes=\"(max-width: 800px) 100vw, 800px\" \/>\t\t\t\t\t\t\t\t<\/a>\n\t\t\t\t\t\t\t\t\t\t\t\t\t\t\t<\/div>\n\t\t\t\t<\/div>\n\t\t\t\t<div class=\"elementor-element elementor-element-2225ec3d elementor-widget elementor-widget-heading\" data-id=\"2225ec3d\" data-element_type=\"widget\" data-e-type=\"widget\" data-widget_type=\"heading.default\">\n\t\t\t\t<div class=\"elementor-widget-container\">\n\t\t\t\t\t<h2 class=\"elementor-heading-title elementor-size-default\">Nisi utile est quod facimus, stulta est gloria!<\/h2>\t\t\t\t<\/div>\n\t\t\t\t<\/div>\n\t\t\t\t<div class=\"elementor-element elementor-element-6f3193b elementor-widget elementor-widget-heading\" data-id=\"6f3193b\" data-element_type=\"widget\" data-e-type=\"widget\" data-widget_type=\"heading.default\">\n\t\t\t\t<div class=\"elementor-widget-container\">\n\t\t\t\t\t<h2 class=\"elementor-heading-title elementor-size-default\">Rua Edmundo Calheiros, n\u00ba 606 Edif\u00edcio Cidade de S\u00e3o Lu\u00eds.<br>Bairro: S\u00e3o Francisco - S\u00e3o Lu\u00eds-MA CEP: 65076-390<br>(98) 9 9192-8567 \/ (98) 3235-6467  \u2022 <br><br>Email:<br><br>comercial@svtfaculdade.edu.br<span style=\"text-align: var(--text-align)\"><\/span><br><br>secretaria@svtfaculdade.edu.br<br><br>financeiro@svtfaculdade.edu.br<\/h2>\t\t\t\t<\/div>\n\t\t\t\t<\/div>\n\t\t\t\t<div class=\"elementor-element elementor-element-63a60230 elementor-widget elementor-widget-spacer\" data-id=\"63a60230\" data-element_type=\"widget\" data-e-type=\"widget\" data-widget_type=\"spacer.default\">\n\t\t\t\t<div class=\"elementor-widget-container\">\n\t\t\t\t\t\t\t<div class=\"elementor-spacer\">\n\t\t\t<div class=\"elementor-spacer-inner\"><\/div>\n\t\t<\/div>\n\t\t\t\t\t\t<\/div>\n\t\t\t\t<\/div>\n\t\t\t\t\t<\/div>\n\t\t<\/div>\n\t\t\t\t<div class=\"elementor-column elementor-col-25 elementor-top-column elementor-element elementor-element-43d02800\" data-id=\"43d02800\" data-element_type=\"column\" data-e-type=\"column\">\n\t\t\t<div class=\"elementor-widget-wrap elementor-element-populated\">\n\t\t\t\t\t\t<div class=\"elementor-element elementor-element-68ed6b1b elementor-shape-circle elementor-grid-0 e-grid-align-center elementor-widget elementor-widget-social-icons\" data-id=\"68ed6b1b\" data-element_type=\"widget\" data-e-type=\"widget\" data-widget_type=\"social-icons.default\">\n\t\t\t\t<div class=\"elementor-widget-container\">\n\t\t\t\t\t\t\t<div class=\"elementor-social-icons-wrapper elementor-grid\" role=\"list\">\n\t\t\t\t\t\t\t<span class=\"elementor-grid-item\" role=\"listitem\">\n\t\t\t\t\t<a class=\"elementor-icon elementor-social-icon elementor-social-icon-facebook elementor-repeater-item-6fb87ea\" href=\"https:\/\/www.facebook.com\/SVTFACULDADE\/\" target=\"_blank\">\n\t\t\t\t\t\t<span class=\"elementor-screen-only\">Facebook<\/span>\n\t\t\t\t\t\t<i aria-hidden=\"true\" class=\"fab fa-facebook\"><\/i>\t\t\t\t\t<\/a>\n\t\t\t\t<\/span>\n\t\t\t\t\t\t\t<span class=\"elementor-grid-item\" role=\"listitem\">\n\t\t\t\t\t<a class=\"elementor-icon elementor-social-icon elementor-social-icon-instagram elementor-repeater-item-a8bf9ad\" href=\"https:\/\/instagram.com\/svtfaculdade\" target=\"_blank\">\n\t\t\t\t\t\t<span class=\"elementor-screen-only\">Instagram<\/span>\n\t\t\t\t\t\t<i aria-hidden=\"true\" class=\"fab fa-instagram\"><\/i>\t\t\t\t\t<\/a>\n\t\t\t\t<\/span>\n\t\t\t\t\t\t\t<span class=\"elementor-grid-item\" role=\"listitem\">\n\t\t\t\t\t<a class=\"elementor-icon elementor-social-icon elementor-social-icon-whatsapp elementor-repeater-item-90f1440\" href=\"https:\/\/api.whatsapp.com\/send?phone=5598991928567\" target=\"_blank\">\n\t\t\t\t\t\t<span class=\"elementor-screen-only\">Whatsapp<\/span>\n\t\t\t\t\t\t<i aria-hidden=\"true\" class=\"fab fa-whatsapp\"><\/i>\t\t\t\t\t<\/a>\n\t\t\t\t<\/span>\n\t\t\t\t\t<\/div>\n\t\t\t\t\t\t<\/div>\n\t\t\t\t<\/div>\n\t\t\t\t\t<\/div>\n\t\t<\/div>\n\t\t\t\t<div class=\"elementor-column elementor-col-25 elementor-top-column elementor-element elementor-element-b522c06\" data-id=\"b522c06\" data-element_type=\"column\" data-e-type=\"column\">\n\t\t\t<div class=\"elementor-widget-wrap\">\n\t\t\t\t\t\t\t<\/div>\n\t\t<\/div>\n\t\t\t\t<div class=\"elementor-column elementor-col-25 elementor-top-column elementor-element elementor-element-2e15df33\" data-id=\"2e15df33\" data-element_type=\"column\" data-e-type=\"column\">\n\t\t\t<div class=\"elementor-widget-wrap elementor-element-populated\">\n\t\t\t\t\t\t<div class=\"elementor-element elementor-element-5eb6c9ba elementor-widget elementor-widget-spacer\" data-id=\"5eb6c9ba\" data-element_type=\"widget\" data-e-type=\"widget\" data-widget_type=\"spacer.default\">\n\t\t\t\t<div class=\"elementor-widget-container\">\n\t\t\t\t\t\t\t<div class=\"elementor-spacer\">\n\t\t\t<div class=\"elementor-spacer-inner\"><\/div>\n\t\t<\/div>\n\t\t\t\t\t\t<\/div>\n\t\t\t\t<\/div>\n\t\t\t\t<div class=\"elementor-element elementor-element-2386e5f9 elementor-widget elementor-widget-heading\" data-id=\"2386e5f9\" data-element_type=\"widget\" data-e-type=\"widget\" data-widget_type=\"heading.default\">\n\t\t\t\t<div class=\"elementor-widget-container\">\n\t\t\t\t\t<h2 class=\"elementor-heading-title elementor-size-default\">Cursos<\/h2>\t\t\t\t<\/div>\n\t\t\t\t<\/div>\n\t\t\t\t<div class=\"elementor-element elementor-element-7d2635da elementor-widget elementor-widget-spacer\" data-id=\"7d2635da\" data-element_type=\"widget\" data-e-type=\"widget\" data-widget_type=\"spacer.default\">\n\t\t\t\t<div class=\"elementor-widget-container\">\n\t\t\t\t\t\t\t<div class=\"elementor-spacer\">\n\t\t\t<div class=\"elementor-spacer-inner\"><\/div>\n\t\t<\/div>\n\t\t\t\t\t\t<\/div>\n\t\t\t\t<\/div>\n\t\t\t\t<div class=\"elementor-element elementor-element-6fe2bff0 elementor-widget elementor-widget-heading\" data-id=\"6fe2bff0\" data-element_type=\"widget\" data-e-type=\"widget\" data-widget_type=\"heading.default\">\n\t\t\t\t<div class=\"elementor-widget-container\">\n\t\t\t\t\t<h2 class=\"elementor-heading-title elementor-size-default\">Gradua\u00e7\u00e3o<\/h2>\t\t\t\t<\/div>\n\t\t\t\t<\/div>\n\t\t\t\t<div class=\"elementor-element elementor-element-6d5d3acc elementor-widget__width-initial elementor-widget elementor-widget-heading\" data-id=\"6d5d3acc\" data-element_type=\"widget\" data-e-type=\"widget\" data-widget_type=\"heading.default\">\n\t\t\t\t<div class=\"elementor-widget-container\">\n\t\t\t\t\t<h2 class=\"elementor-heading-title elementor-size-default\">P\u00f3s-gradua\u00e7\u00e3o<\/h2>\t\t\t\t<\/div>\n\t\t\t\t<\/div>\n\t\t\t\t<div class=\"elementor-element elementor-element-1a926846 elementor-widget elementor-widget-heading\" data-id=\"1a926846\" data-element_type=\"widget\" data-e-type=\"widget\" data-widget_type=\"heading.default\">\n\t\t\t\t<div class=\"elementor-widget-container\">\n\t\t\t\t\t<h2 class=\"elementor-heading-title elementor-size-default\">Mestrado<\/h2>\t\t\t\t<\/div>\n\t\t\t\t<\/div>\n\t\t\t\t<div class=\"elementor-element elementor-element-709d5ca8 elementor-widget elementor-widget-heading\" data-id=\"709d5ca8\" data-element_type=\"widget\" data-e-type=\"widget\" data-widget_type=\"heading.default\">\n\t\t\t\t<div class=\"elementor-widget-container\">\n\t\t\t\t\t<h2 class=\"elementor-heading-title elementor-size-default\">Doutorado<\/h2>\t\t\t\t<\/div>\n\t\t\t\t<\/div>\n\t\t\t\t<div class=\"elementor-element elementor-element-791475a elementor-widget elementor-widget-image\" data-id=\"791475a\" data-element_type=\"widget\" data-e-type=\"widget\" data-widget_type=\"image.default\">\n\t\t\t\t<div class=\"elementor-widget-container\">\n\t\t\t\t\t\t\t\t\t\t\t\t\t\t\t<img decoding=\"async\" width=\"596\" height=\"419\" src=\"https:\/\/svtfaculdade.edu.br\/wp-content\/uploads\/2023\/03\/banner_qrcode2.png\" class=\"attachment-large size-large wp-image-98\" alt=\"\" srcset=\"https:\/\/svtfaculdade.edu.br\/wp-content\/uploads\/2023\/03\/banner_qrcode2.png 596w, https:\/\/svtfaculdade.edu.br\/wp-content\/uploads\/2023\/03\/banner_qrcode2-300x211.png 300w\" sizes=\"(max-width: 596px) 100vw, 596px\" \/>\t\t\t\t\t\t\t\t\t\t\t\t\t\t\t<\/div>\n\t\t\t\t<\/div>\n\t\t\t\t\t<\/div>\n\t\t<\/div>\n\t\t\t\t\t<\/div>\n\t\t<\/section>\n\t\t\t\t<\/div>\n\t\t","protected":false},"excerpt":{"rendered":"<p>Pagina em atualiza\u00e7\u00e3o&#8230; \u00a0 Prezado aluno, essa pagina se encontra em processo de atualiza\u00e7\u00e3o e est\u00e1 indispon\u00edvel no momento. Por favor retorne a pagina principal. Agradecemos a compreens\u00e3o, Equipe SVT Faculdade. Nisi utile est quod facimus, stulta est gloria! Rua Edmundo Calheiros, n\u00ba 606 Edif\u00edcio Cidade de S\u00e3o Lu\u00eds.Bairro: S\u00e3o Francisco &#8211; S\u00e3o Lu\u00eds-MA CEP: [&hellip;]<\/p>\n","protected":false},"author":1,"featured_media":0,"parent":0,"menu_order":0,"comment_status":"closed","ping_status":"closed","template":"","meta":{"footnotes":""},"class_list":["post-361","page","type-page","status-publish","hentry"],"yoast_head":"<!-- This site is optimized with the Yoast SEO plugin v27.4 - https:\/\/yoast.com\/product\/yoast-seo-wordpress\/ -->\n<title>Pagina em Atualiza\u00e7\u00e3o - SVT FACULDADE<\/title>\n<meta name=\"robots\" content=\"index, follow, max-snippet:-1, max-image-preview:large, max-video-preview:-1\" \/>\n<link rel=\"canonical\" href=\"https:\/\/svtfaculdade.edu.br\/inicio\/pagina-em-atualizacao\/\" \/>\n<meta property=\"og:locale\" content=\"pt_PT\" \/>\n<meta property=\"og:type\" content=\"article\" \/>\n<meta property=\"og:title\" content=\"Pagina em Atualiza\u00e7\u00e3o - SVT FACULDADE\" \/>\n<meta property=\"og:description\" content=\"Pagina em atualiza\u00e7\u00e3o&#8230; \u00a0 Prezado aluno, essa pagina se encontra em processo de atualiza\u00e7\u00e3o e est\u00e1 indispon\u00edvel no momento. Por favor retorne a pagina principal. Agradecemos a compreens\u00e3o, Equipe SVT Faculdade. Nisi utile est quod facimus, stulta est gloria! Rua Edmundo Calheiros, n\u00ba 606 Edif\u00edcio Cidade de S\u00e3o Lu\u00eds.Bairro: S\u00e3o Francisco &#8211; S\u00e3o Lu\u00eds-MA CEP: [&hellip;]\" \/>\n<meta property=\"og:url\" content=\"https:\/\/svtfaculdade.edu.br\/inicio\/pagina-em-atualizacao\/\" \/>\n<meta property=\"og:site_name\" content=\"SVT FACULDADE\" \/>\n<meta property=\"article:modified_time\" content=\"2024-10-16T12:57:04+00:00\" \/>\n<meta property=\"og:image\" content=\"https:\/\/svtfaculdade.edu.br\/wp-content\/uploads\/2023\/03\/LOGO-branca-SVT-FACULDADE2019-1024x171.png\" \/>\n<meta name=\"twitter:card\" content=\"summary_large_image\" \/>\n<meta name=\"twitter:label1\" content=\"Tempo estimado de leitura\" \/>\n\t<meta name=\"twitter:data1\" content=\"1 minuto\" \/>\n<script type=\"application\/ld+json\" class=\"yoast-schema-graph\">{\"@context\":\"https:\\\/\\\/schema.org\",\"@graph\":[{\"@type\":\"WebPage\",\"@id\":\"https:\\\/\\\/svtfaculdade.edu.br\\\/inicio\\\/pagina-em-atualizacao\\\/\",\"url\":\"https:\\\/\\\/svtfaculdade.edu.br\\\/inicio\\\/pagina-em-atualizacao\\\/\",\"name\":\"Pagina em Atualiza\u00e7\u00e3o - SVT FACULDADE\",\"isPartOf\":{\"@id\":\"https:\\\/\\\/svtfaculdade.edu.br\\\/inicio\\\/#website\"},\"primaryImageOfPage\":{\"@id\":\"https:\\\/\\\/svtfaculdade.edu.br\\\/inicio\\\/pagina-em-atualizacao\\\/#primaryimage\"},\"image\":{\"@id\":\"https:\\\/\\\/svtfaculdade.edu.br\\\/inicio\\\/pagina-em-atualizacao\\\/#primaryimage\"},\"thumbnailUrl\":\"https:\\\/\\\/svtfaculdade.edu.br\\\/wp-content\\\/uploads\\\/2023\\\/03\\\/LOGO-branca-SVT-FACULDADE2019-1024x171.png\",\"datePublished\":\"2023-05-09T12:58:26+00:00\",\"dateModified\":\"2024-10-16T12:57:04+00:00\",\"breadcrumb\":{\"@id\":\"https:\\\/\\\/svtfaculdade.edu.br\\\/inicio\\\/pagina-em-atualizacao\\\/#breadcrumb\"},\"inLanguage\":\"pt-PT\",\"potentialAction\":[{\"@type\":\"ReadAction\",\"target\":[\"https:\\\/\\\/svtfaculdade.edu.br\\\/inicio\\\/pagina-em-atualizacao\\\/\"]}]},{\"@type\":\"ImageObject\",\"inLanguage\":\"pt-PT\",\"@id\":\"https:\\\/\\\/svtfaculdade.edu.br\\\/inicio\\\/pagina-em-atualizacao\\\/#primaryimage\",\"url\":\"https:\\\/\\\/svtfaculdade.edu.br\\\/wp-content\\\/uploads\\\/2023\\\/03\\\/LOGO-branca-SVT-FACULDADE2019-1024x171.png\",\"contentUrl\":\"https:\\\/\\\/svtfaculdade.edu.br\\\/wp-content\\\/uploads\\\/2023\\\/03\\\/LOGO-branca-SVT-FACULDADE2019-1024x171.png\"},{\"@type\":\"BreadcrumbList\",\"@id\":\"https:\\\/\\\/svtfaculdade.edu.br\\\/inicio\\\/pagina-em-atualizacao\\\/#breadcrumb\",\"itemListElement\":[{\"@type\":\"ListItem\",\"position\":1,\"name\":\"Home\",\"item\":\"https:\\\/\\\/svtfaculdade.edu.br\\\/inicio\\\/\"},{\"@type\":\"ListItem\",\"position\":2,\"name\":\"Pagina em Atualiza\u00e7\u00e3o\"}]},{\"@type\":\"WebSite\",\"@id\":\"https:\\\/\\\/svtfaculdade.edu.br\\\/inicio\\\/#website\",\"url\":\"https:\\\/\\\/svtfaculdade.edu.br\\\/inicio\\\/\",\"name\":\"SVT FACULDADE\",\"description\":\"SVT EDU\",\"publisher\":{\"@id\":\"https:\\\/\\\/svtfaculdade.edu.br\\\/inicio\\\/#organization\"},\"potentialAction\":[{\"@type\":\"SearchAction\",\"target\":{\"@type\":\"EntryPoint\",\"urlTemplate\":\"https:\\\/\\\/svtfaculdade.edu.br\\\/inicio\\\/?s={search_term_string}\"},\"query-input\":{\"@type\":\"PropertyValueSpecification\",\"valueRequired\":true,\"valueName\":\"search_term_string\"}}],\"inLanguage\":\"pt-PT\"},{\"@type\":\"Organization\",\"@id\":\"https:\\\/\\\/svtfaculdade.edu.br\\\/inicio\\\/#organization\",\"name\":\"SVT FACULDADE\",\"url\":\"https:\\\/\\\/svtfaculdade.edu.br\\\/inicio\\\/\",\"logo\":{\"@type\":\"ImageObject\",\"inLanguage\":\"pt-PT\",\"@id\":\"https:\\\/\\\/svtfaculdade.edu.br\\\/inicio\\\/#\\\/schema\\\/logo\\\/image\\\/\",\"url\":\"https:\\\/\\\/svtfaculdade.edu.br\\\/wp-content\\\/uploads\\\/2023\\\/03\\\/cropped-Logo-Svt-copiar.png\",\"contentUrl\":\"https:\\\/\\\/svtfaculdade.edu.br\\\/wp-content\\\/uploads\\\/2023\\\/03\\\/cropped-Logo-Svt-copiar.png\",\"width\":3658,\"height\":709,\"caption\":\"SVT FACULDADE\"},\"image\":{\"@id\":\"https:\\\/\\\/svtfaculdade.edu.br\\\/inicio\\\/#\\\/schema\\\/logo\\\/image\\\/\"}}]}<\/script>\n<!-- \/ Yoast SEO plugin. -->","yoast_head_json":{"title":"Pagina em Atualiza\u00e7\u00e3o - SVT FACULDADE","robots":{"index":"index","follow":"follow","max-snippet":"max-snippet:-1","max-image-preview":"max-image-preview:large","max-video-preview":"max-video-preview:-1"},"canonical":"https:\/\/svtfaculdade.edu.br\/inicio\/pagina-em-atualizacao\/","og_locale":"pt_PT","og_type":"article","og_title":"Pagina em Atualiza\u00e7\u00e3o - SVT FACULDADE","og_description":"Pagina em atualiza\u00e7\u00e3o&#8230; \u00a0 Prezado aluno, essa pagina se encontra em processo de atualiza\u00e7\u00e3o e est\u00e1 indispon\u00edvel no momento. Por favor retorne a pagina principal. Agradecemos a compreens\u00e3o, Equipe SVT Faculdade. Nisi utile est quod facimus, stulta est gloria! Rua Edmundo Calheiros, n\u00ba 606 Edif\u00edcio Cidade de S\u00e3o Lu\u00eds.Bairro: S\u00e3o Francisco &#8211; S\u00e3o Lu\u00eds-MA CEP: [&hellip;]","og_url":"https:\/\/svtfaculdade.edu.br\/inicio\/pagina-em-atualizacao\/","og_site_name":"SVT FACULDADE","article_modified_time":"2024-10-16T12:57:04+00:00","og_image":[{"url":"https:\/\/svtfaculdade.edu.br\/wp-content\/uploads\/2023\/03\/LOGO-branca-SVT-FACULDADE2019-1024x171.png","type":"","width":"","height":""}],"twitter_card":"summary_large_image","twitter_misc":{"Tempo estimado de leitura":"1 minuto"},"schema":{"@context":"https:\/\/schema.org","@graph":[{"@type":"WebPage","@id":"https:\/\/svtfaculdade.edu.br\/inicio\/pagina-em-atualizacao\/","url":"https:\/\/svtfaculdade.edu.br\/inicio\/pagina-em-atualizacao\/","name":"Pagina em Atualiza\u00e7\u00e3o - SVT FACULDADE","isPartOf":{"@id":"https:\/\/svtfaculdade.edu.br\/inicio\/#website"},"primaryImageOfPage":{"@id":"https:\/\/svtfaculdade.edu.br\/inicio\/pagina-em-atualizacao\/#primaryimage"},"image":{"@id":"https:\/\/svtfaculdade.edu.br\/inicio\/pagina-em-atualizacao\/#primaryimage"},"thumbnailUrl":"https:\/\/svtfaculdade.edu.br\/wp-content\/uploads\/2023\/03\/LOGO-branca-SVT-FACULDADE2019-1024x171.png","datePublished":"2023-05-09T12:58:26+00:00","dateModified":"2024-10-16T12:57:04+00:00","breadcrumb":{"@id":"https:\/\/svtfaculdade.edu.br\/inicio\/pagina-em-atualizacao\/#breadcrumb"},"inLanguage":"pt-PT","potentialAction":[{"@type":"ReadAction","target":["https:\/\/svtfaculdade.edu.br\/inicio\/pagina-em-atualizacao\/"]}]},{"@type":"ImageObject","inLanguage":"pt-PT","@id":"https:\/\/svtfaculdade.edu.br\/inicio\/pagina-em-atualizacao\/#primaryimage","url":"https:\/\/svtfaculdade.edu.br\/wp-content\/uploads\/2023\/03\/LOGO-branca-SVT-FACULDADE2019-1024x171.png","contentUrl":"https:\/\/svtfaculdade.edu.br\/wp-content\/uploads\/2023\/03\/LOGO-branca-SVT-FACULDADE2019-1024x171.png"},{"@type":"BreadcrumbList","@id":"https:\/\/svtfaculdade.edu.br\/inicio\/pagina-em-atualizacao\/#breadcrumb","itemListElement":[{"@type":"ListItem","position":1,"name":"Home","item":"https:\/\/svtfaculdade.edu.br\/inicio\/"},{"@type":"ListItem","position":2,"name":"Pagina em Atualiza\u00e7\u00e3o"}]},{"@type":"WebSite","@id":"https:\/\/svtfaculdade.edu.br\/inicio\/#website","url":"https:\/\/svtfaculdade.edu.br\/inicio\/","name":"SVT FACULDADE","description":"SVT EDU","publisher":{"@id":"https:\/\/svtfaculdade.edu.br\/inicio\/#organization"},"potentialAction":[{"@type":"SearchAction","target":{"@type":"EntryPoint","urlTemplate":"https:\/\/svtfaculdade.edu.br\/inicio\/?s={search_term_string}"},"query-input":{"@type":"PropertyValueSpecification","valueRequired":true,"valueName":"search_term_string"}}],"inLanguage":"pt-PT"},{"@type":"Organization","@id":"https:\/\/svtfaculdade.edu.br\/inicio\/#organization","name":"SVT FACULDADE","url":"https:\/\/svtfaculdade.edu.br\/inicio\/","logo":{"@type":"ImageObject","inLanguage":"pt-PT","@id":"https:\/\/svtfaculdade.edu.br\/inicio\/#\/schema\/logo\/image\/","url":"https:\/\/svtfaculdade.edu.br\/wp-content\/uploads\/2023\/03\/cropped-Logo-Svt-copiar.png","contentUrl":"https:\/\/svtfaculdade.edu.br\/wp-content\/uploads\/2023\/03\/cropped-Logo-Svt-copiar.png","width":3658,"height":709,"caption":"SVT FACULDADE"},"image":{"@id":"https:\/\/svtfaculdade.edu.br\/inicio\/#\/schema\/logo\/image\/"}}]}},"_links":{"self":[{"href":"https:\/\/svtfaculdade.edu.br\/inicio\/wp-json\/wp\/v2\/pages\/361","targetHints":{"allow":["GET"]}}],"collection":[{"href":"https:\/\/svtfaculdade.edu.br\/inicio\/wp-json\/wp\/v2\/pages"}],"about":[{"href":"https:\/\/svtfaculdade.edu.br\/inicio\/wp-json\/wp\/v2\/types\/page"}],"author":[{"embeddable":true,"href":"https:\/\/svtfaculdade.edu.br\/inicio\/wp-json\/wp\/v2\/users\/1"}],"replies":[{"embeddable":true,"href":"https:\/\/svtfaculdade.edu.br\/inicio\/wp-json\/wp\/v2\/comments?post=361"}],"version-history":[{"count":14,"href":"https:\/\/svtfaculdade.edu.br\/inicio\/wp-json\/wp\/v2\/pages\/361\/revisions"}],"predecessor-version":[{"id":14917,"href":"https:\/\/svtfaculdade.edu.br\/inicio\/wp-json\/wp\/v2\/pages\/361\/revisions\/14917"}],"wp:attachment":[{"href":"https:\/\/svtfaculdade.edu.br\/inicio\/wp-json\/wp\/v2\/media?parent=361"}],"curies":[{"name":"wp","href":"https:\/\/api.w.org\/{rel}","templated":true}]}}